{"id":974,"date":"2020-01-22T17:17:55","date_gmt":"2020-01-22T16:17:55","guid":{"rendered":"https:\/\/crimston.s1awek.pro-linuxpl.com\/?post_type=product&#038;p=974"},"modified":"2022-11-03T14:51:21","modified_gmt":"2022-11-03T13:51:21","slug":"g-h-mumm-cuvee-r-lalou-prestige-champagne-125-075l","status":"publish","type":"product","link":"https:\/\/crimston.pl\/en\/product\/g-h-mumm-cuvee-r-lalou-prestige-champagne-125-075l\/","title":{"rendered":"G.H. Mumm Cuv\u00e9e R. Lalou Prestige Champagne 12,5% 0,75l"},"content":{"rendered":"","protected":false},"excerpt":{"rendered":"<p><img decoding=\"async\" class=\"alignnone wp-image-2084\" src=\"https:\/\/crimston.pl\/wp-content\/uploads\/2020\/02\/GH-Mumm-300x195.png\" alt=\"GH Mumm\" width=\"185\" height=\"120\" srcset=\"https:\/\/crimston.pl\/wp-content\/uploads\/2020\/02\/GH-Mumm-300x195.png 300w, https:\/\/crimston.pl\/wp-content\/uploads\/2020\/02\/GH-Mumm-150x97.png 150w, https:\/\/crimston.pl\/wp-content\/uploads\/2020\/02\/GH-Mumm-600x389.png 600w, https:\/\/crimston.pl\/wp-content\/uploads\/2020\/02\/GH-Mumm-64x42.png 64w, https:\/\/crimston.pl\/wp-content\/uploads\/2020\/02\/GH-Mumm-1024x664.png 1024w, https:\/\/crimston.pl\/wp-content\/uploads\/2020\/02\/GH-Mumm-768x498.png 768w, https:\/\/crimston.pl\/wp-content\/uploads\/2020\/02\/GH-Mumm-1536x996.png 1536w, https:\/\/crimston.pl\/wp-content\/uploads\/2020\/02\/GH-Mumm-2048x1328.png 2048w\" sizes=\"(max-width: 185px) 100vw, 185px\" \/><\/p>\n<p>&nbsp;<\/p>\n<p>A Champagne House established in Reims since nearly two centuries and run\u00a0by Ren\u00e9 Lalou during 50 years in the 20th century.<\/p>\n<p>Cuv\u00e9e created for the first time in 1966 as a tribute to this Artist\u00a0of the Champagne.<\/p>\n<p>Golden bright robe.<\/p>\n<p>Subtle pear and peach fragrances followed by apricot, nougat and citrus zest with a slight hint of vanilla.<\/p>\n<p>A classic perfect balance between Pinot Noir and Chardonnay. Excellent\u00a0as an aperitive with foie gras or smoked salmon toasts. Perfect during the diner with a fish in Champagne sauce.<\/p>\n<p>To be served between 7 and 9 \u00b0 C.<\/p>\n<hr \/>\n<p>For the retail sales, G.H. Mumm Cuv\u00e9e R. Lalou Prestige Champagne is available with personal pick-up option at the headquarters of the company at Al. Jerozolimskie 123A in Warsaw or courier delivery. To order products directly from us (retail and wholesale orders), please contact us by e-mail: <i>aleksander.g@crimston.pl<\/i>&#8230;<\/p>\n<p class=\"more-wrap\"><a class=\"btn btn-secondary understrap-read-more-link\" href=\"https:\/\/crimston.pl\/en\/product\/g-h-mumm-cuvee-r-lalou-prestige-champagne-125-075l\/\">more<\/a><\/p>\n","protected":false},"featured_media":975,"template":"","meta":{"_acf_changed":false,"_uag_custom_page_level_css":"","inline_featured_image":false},"product_cat":[80],"product_tag":[580,774,858,866,724,831,725,817],"class_list":{"0":"post-974","1":"product","2":"type-product","3":"status-publish","4":"has-post-thumbnail","6":"product_cat-champagne","7":"product_tag-alcohol-gift","8":"product_tag-champagne","9":"product_tag-g-h-mumm-en","10":"product_tag-g-h-mumm-cuvee-r-lalou-prestige-champagne","11":"product_tag-online-liquor-store","12":"product_tag-polish-alcohol-distributor","13":"product_tag-premium-alcohol","14":"product_tag-premium-brands","15":"brand-g-h-mumm","17":"first","18":"instock","19":"taxable","20":"shipping-taxable","21":"purchasable","22":"product-type-simple"},"acf":[],"yoast_head":"<!-- This site is optimized with the Yoast SEO plugin v23.9 - https:\/\/yoast.com\/wordpress\/plugins\/seo\/ -->\n<title>G.H. Mumm Cuv\u00e9e R. Lalou Prestige Champagne 12,5% 0,75l<\/title>\n<meta name=\"description\" content=\"G.H. Mumm Cuv\u00e9e R. Lalou Prestige Champagne, in recognition of Ren\u00e9 Lalou, who headed the house of G.H. Mumm since the 1930s.\" \/>\n<meta name=\"robots\" content=\"index, follow, max-snippet:-1, max-image-preview:large, max-video-preview:-1\" \/>\n<link rel=\"canonical\" href=\"https:\/\/crimston.pl\/en\/product\/g-h-mumm-cuvee-r-lalou-prestige-champagne-125-075l\/\" \/>\n<meta property=\"og:locale\" content=\"en_US\" \/>\n<meta property=\"og:type\" content=\"article\" \/>\n<meta property=\"og:title\" content=\"G.H. Mumm Cuv\u00e9e R. Lalou Prestige Champagne 12,5% 0,75l\" \/>\n<meta property=\"og:description\" content=\"G.H. Mumm Cuv\u00e9e R. Lalou Prestige Champagne, in recognition of Ren\u00e9 Lalou, who headed the house of G.H. Mumm since the 1930s.\" \/>\n<meta property=\"og:url\" content=\"https:\/\/crimston.pl\/en\/product\/g-h-mumm-cuvee-r-lalou-prestige-champagne-125-075l\/\" \/>\n<meta property=\"og:site_name\" content=\"Crimston Spirits\" \/>\n<meta property=\"article:modified_time\" content=\"2022-11-03T13:51:21+00:00\" \/>\n<meta property=\"og:image\" content=\"https:\/\/crimston.pl\/wp-content\/uploads\/2020\/01\/g.h-mumm-cuvee-r.lalou-075l-1.jpg\" \/>\n\t<meta property=\"og:image:width\" content=\"1000\" \/>\n\t<meta property=\"og:image:height\" content=\"1000\" \/>\n\t<meta property=\"og:image:type\" content=\"image\/jpeg\" \/>\n<meta name=\"twitter:card\" content=\"summary_large_image\" \/>\n<script type=\"application\/ld+json\" class=\"yoast-schema-graph\">{\"@context\":\"https:\/\/schema.org\",\"@graph\":[{\"@type\":\"WebPage\",\"@id\":\"https:\/\/crimston.pl\/en\/product\/g-h-mumm-cuvee-r-lalou-prestige-champagne-125-075l\/\",\"url\":\"https:\/\/crimston.pl\/en\/product\/g-h-mumm-cuvee-r-lalou-prestige-champagne-125-075l\/\",\"name\":\"G.H. Mumm Cuv\u00e9e R. Lalou Prestige Champagne 12,5% 0,75l\",\"isPartOf\":{\"@id\":\"https:\/\/crimston.pl\/en\/#website\"},\"primaryImageOfPage\":{\"@id\":\"https:\/\/crimston.pl\/en\/product\/g-h-mumm-cuvee-r-lalou-prestige-champagne-125-075l\/#primaryimage\"},\"image\":{\"@id\":\"https:\/\/crimston.pl\/en\/product\/g-h-mumm-cuvee-r-lalou-prestige-champagne-125-075l\/#primaryimage\"},\"thumbnailUrl\":\"https:\/\/crimston.pl\/wp-content\/uploads\/2020\/01\/g.h-mumm-cuvee-r.lalou-075l-1.jpg\",\"datePublished\":\"2020-01-22T16:17:55+00:00\",\"dateModified\":\"2022-11-03T13:51:21+00:00\",\"description\":\"G.H. Mumm Cuv\u00e9e R. Lalou Prestige Champagne, in recognition of Ren\u00e9 Lalou, who headed the house of G.H. Mumm since the 1930s.\",\"breadcrumb\":{\"@id\":\"https:\/\/crimston.pl\/en\/product\/g-h-mumm-cuvee-r-lalou-prestige-champagne-125-075l\/#breadcrumb\"},\"inLanguage\":\"en-US\",\"potentialAction\":[{\"@type\":\"ReadAction\",\"target\":[\"https:\/\/crimston.pl\/en\/product\/g-h-mumm-cuvee-r-lalou-prestige-champagne-125-075l\/\"]}]},{\"@type\":\"ImageObject\",\"inLanguage\":\"en-US\",\"@id\":\"https:\/\/crimston.pl\/en\/product\/g-h-mumm-cuvee-r-lalou-prestige-champagne-125-075l\/#primaryimage\",\"url\":\"https:\/\/crimston.pl\/wp-content\/uploads\/2020\/01\/g.h-mumm-cuvee-r.lalou-075l-1.jpg\",\"contentUrl\":\"https:\/\/crimston.pl\/wp-content\/uploads\/2020\/01\/g.h-mumm-cuvee-r.lalou-075l-1.jpg\",\"width\":1000,\"height\":1000,\"caption\":\"g.h mumm cuvee r.lalou champagne\"},{\"@type\":\"BreadcrumbList\",\"@id\":\"https:\/\/crimston.pl\/en\/product\/g-h-mumm-cuvee-r-lalou-prestige-champagne-125-075l\/#breadcrumb\",\"itemListElement\":[{\"@type\":\"ListItem\",\"position\":1,\"name\":\"Home\",\"item\":\"https:\/\/crimston.pl\/en\/\"},{\"@type\":\"ListItem\",\"position\":2,\"name\":\"Spirits portfolio\",\"item\":\"https:\/\/crimston.pl\/en\/spirits-portfolio\/\"},{\"@type\":\"ListItem\",\"position\":3,\"name\":\"G.H. Mumm Cuv\u00e9e R. Lalou Prestige Champagne 12,5% 0,75l\"}]},{\"@type\":\"WebSite\",\"@id\":\"https:\/\/crimston.pl\/en\/#website\",\"url\":\"https:\/\/crimston.pl\/en\/\",\"name\":\"Crimston Spirits\",\"description\":\"\",\"publisher\":{\"@id\":\"https:\/\/crimston.pl\/en\/#organization\"},\"potentialAction\":[{\"@type\":\"SearchAction\",\"target\":{\"@type\":\"EntryPoint\",\"urlTemplate\":\"https:\/\/crimston.pl\/en\/?s={search_term_string}\"},\"query-input\":{\"@type\":\"PropertyValueSpecification\",\"valueRequired\":true,\"valueName\":\"search_term_string\"}}],\"inLanguage\":\"en-US\"},{\"@type\":\"Organization\",\"@id\":\"https:\/\/crimston.pl\/en\/#organization\",\"name\":\"Crimston Spirits\",\"url\":\"https:\/\/crimston.pl\/en\/\",\"logo\":{\"@type\":\"ImageObject\",\"inLanguage\":\"en-US\",\"@id\":\"https:\/\/crimston.pl\/en\/#\/schema\/logo\/image\/\",\"url\":\"https:\/\/crimston.pl\/wp-content\/uploads\/2019\/11\/crimston-logo-color.svg\",\"contentUrl\":\"https:\/\/crimston.pl\/wp-content\/uploads\/2019\/11\/crimston-logo-color.svg\",\"width\":415,\"height\":29,\"caption\":\"Crimston Spirits\"},\"image\":{\"@id\":\"https:\/\/crimston.pl\/en\/#\/schema\/logo\/image\/\"}}]}<\/script>\n<!-- \/ Yoast SEO plugin. -->","yoast_head_json":{"title":"G.H. Mumm Cuv\u00e9e R. Lalou Prestige Champagne 12,5% 0,75l","description":"G.H. Mumm Cuv\u00e9e R. Lalou Prestige Champagne, in recognition of Ren\u00e9 Lalou, who headed the house of G.H. Mumm since the 1930s.","robots":{"index":"index","follow":"follow","max-snippet":"max-snippet:-1","max-image-preview":"max-image-preview:large","max-video-preview":"max-video-preview:-1"},"canonical":"https:\/\/crimston.pl\/en\/product\/g-h-mumm-cuvee-r-lalou-prestige-champagne-125-075l\/","og_locale":"en_US","og_type":"article","og_title":"G.H. Mumm Cuv\u00e9e R. Lalou Prestige Champagne 12,5% 0,75l","og_description":"G.H. Mumm Cuv\u00e9e R. Lalou Prestige Champagne, in recognition of Ren\u00e9 Lalou, who headed the house of G.H. Mumm since the 1930s.","og_url":"https:\/\/crimston.pl\/en\/product\/g-h-mumm-cuvee-r-lalou-prestige-champagne-125-075l\/","og_site_name":"Crimston Spirits","article_modified_time":"2022-11-03T13:51:21+00:00","og_image":[{"width":1000,"height":1000,"url":"https:\/\/crimston.pl\/wp-content\/uploads\/2020\/01\/g.h-mumm-cuvee-r.lalou-075l-1.jpg","type":"image\/jpeg"}],"twitter_card":"summary_large_image","schema":{"@context":"https:\/\/schema.org","@graph":[{"@type":"WebPage","@id":"https:\/\/crimston.pl\/en\/product\/g-h-mumm-cuvee-r-lalou-prestige-champagne-125-075l\/","url":"https:\/\/crimston.pl\/en\/product\/g-h-mumm-cuvee-r-lalou-prestige-champagne-125-075l\/","name":"G.H. Mumm Cuv\u00e9e R. Lalou Prestige Champagne 12,5% 0,75l","isPartOf":{"@id":"https:\/\/crimston.pl\/en\/#website"},"primaryImageOfPage":{"@id":"https:\/\/crimston.pl\/en\/product\/g-h-mumm-cuvee-r-lalou-prestige-champagne-125-075l\/#primaryimage"},"image":{"@id":"https:\/\/crimston.pl\/en\/product\/g-h-mumm-cuvee-r-lalou-prestige-champagne-125-075l\/#primaryimage"},"thumbnailUrl":"https:\/\/crimston.pl\/wp-content\/uploads\/2020\/01\/g.h-mumm-cuvee-r.lalou-075l-1.jpg","datePublished":"2020-01-22T16:17:55+00:00","dateModified":"2022-11-03T13:51:21+00:00","description":"G.H. Mumm Cuv\u00e9e R. Lalou Prestige Champagne, in recognition of Ren\u00e9 Lalou, who headed the house of G.H. Mumm since the 1930s.","breadcrumb":{"@id":"https:\/\/crimston.pl\/en\/product\/g-h-mumm-cuvee-r-lalou-prestige-champagne-125-075l\/#breadcrumb"},"inLanguage":"en-US","potentialAction":[{"@type":"ReadAction","target":["https:\/\/crimston.pl\/en\/product\/g-h-mumm-cuvee-r-lalou-prestige-champagne-125-075l\/"]}]},{"@type":"ImageObject","inLanguage":"en-US","@id":"https:\/\/crimston.pl\/en\/product\/g-h-mumm-cuvee-r-lalou-prestige-champagne-125-075l\/#primaryimage","url":"https:\/\/crimston.pl\/wp-content\/uploads\/2020\/01\/g.h-mumm-cuvee-r.lalou-075l-1.jpg","contentUrl":"https:\/\/crimston.pl\/wp-content\/uploads\/2020\/01\/g.h-mumm-cuvee-r.lalou-075l-1.jpg","width":1000,"height":1000,"caption":"g.h mumm cuvee r.lalou champagne"},{"@type":"BreadcrumbList","@id":"https:\/\/crimston.pl\/en\/product\/g-h-mumm-cuvee-r-lalou-prestige-champagne-125-075l\/#breadcrumb","itemListElement":[{"@type":"ListItem","position":1,"name":"Home","item":"https:\/\/crimston.pl\/en\/"},{"@type":"ListItem","position":2,"name":"Spirits portfolio","item":"https:\/\/crimston.pl\/en\/spirits-portfolio\/"},{"@type":"ListItem","position":3,"name":"G.H. Mumm Cuv\u00e9e R. Lalou Prestige Champagne 12,5% 0,75l"}]},{"@type":"WebSite","@id":"https:\/\/crimston.pl\/en\/#website","url":"https:\/\/crimston.pl\/en\/","name":"Crimston Spirits","description":"","publisher":{"@id":"https:\/\/crimston.pl\/en\/#organization"},"potentialAction":[{"@type":"SearchAction","target":{"@type":"EntryPoint","urlTemplate":"https:\/\/crimston.pl\/en\/?s={search_term_string}"},"query-input":{"@type":"PropertyValueSpecification","valueRequired":true,"valueName":"search_term_string"}}],"inLanguage":"en-US"},{"@type":"Organization","@id":"https:\/\/crimston.pl\/en\/#organization","name":"Crimston Spirits","url":"https:\/\/crimston.pl\/en\/","logo":{"@type":"ImageObject","inLanguage":"en-US","@id":"https:\/\/crimston.pl\/en\/#\/schema\/logo\/image\/","url":"https:\/\/crimston.pl\/wp-content\/uploads\/2019\/11\/crimston-logo-color.svg","contentUrl":"https:\/\/crimston.pl\/wp-content\/uploads\/2019\/11\/crimston-logo-color.svg","width":415,"height":29,"caption":"Crimston Spirits"},"image":{"@id":"https:\/\/crimston.pl\/en\/#\/schema\/logo\/image\/"}}]}},"uagb_featured_image_src":{"full":["https:\/\/crimston.pl\/wp-content\/uploads\/2020\/01\/g.h-mumm-cuvee-r.lalou-075l-1.jpg",1000,1000,false],"thumbnail":["https:\/\/crimston.pl\/wp-content\/uploads\/2020\/01\/g.h-mumm-cuvee-r.lalou-075l-1-150x150.jpg",150,150,true],"medium":["https:\/\/crimston.pl\/wp-content\/uploads\/2020\/01\/g.h-mumm-cuvee-r.lalou-075l-1-300x300.jpg",300,300,true],"medium_large":["https:\/\/crimston.pl\/wp-content\/uploads\/2020\/01\/g.h-mumm-cuvee-r.lalou-075l-1-768x768.jpg",640,640,true],"large":["https:\/\/crimston.pl\/wp-content\/uploads\/2020\/01\/g.h-mumm-cuvee-r.lalou-075l-1.jpg",640,640,false],"1536x1536":["https:\/\/crimston.pl\/wp-content\/uploads\/2020\/01\/g.h-mumm-cuvee-r.lalou-075l-1.jpg",1000,1000,false],"2048x2048":["https:\/\/crimston.pl\/wp-content\/uploads\/2020\/01\/g.h-mumm-cuvee-r.lalou-075l-1.jpg",1000,1000,false],"woocommerce_thumbnail":["https:\/\/crimston.pl\/wp-content\/uploads\/2020\/01\/g.h-mumm-cuvee-r.lalou-075l-1-300x300.jpg",300,300,true],"woocommerce_single":["https:\/\/crimston.pl\/wp-content\/uploads\/2020\/01\/g.h-mumm-cuvee-r.lalou-075l-1-600x600.jpg",600,600,true],"woocommerce_gallery_thumbnail":["https:\/\/crimston.pl\/wp-content\/uploads\/2020\/01\/g.h-mumm-cuvee-r.lalou-075l-1-150x150.jpg",150,150,true]},"uagb_author_info":{"display_name":"Magda","author_link":"https:\/\/crimston.pl\/en\/author\/"},"uagb_comment_info":0,"uagb_excerpt":"&nbsp; A Champagne House established in Reims since nearly two centuries and run\u00a0by Ren\u00e9 Lalou during 50 years in the 20th century. Cuv\u00e9e created for the first time in 1966 as a tribute to this Artist\u00a0of the Champagne. Golden bright robe. Subtle pear and peach fragrances followed by apricot, nougat and citrus zest with a&hellip;","_links":{"self":[{"href":"https:\/\/crimston.pl\/en\/wp-json\/wp\/v2\/product\/974","targetHints":{"allow":["GET"]}}],"collection":[{"href":"https:\/\/crimston.pl\/en\/wp-json\/wp\/v2\/product"}],"about":[{"href":"https:\/\/crimston.pl\/en\/wp-json\/wp\/v2\/types\/product"}],"wp:featuredmedia":[{"embeddable":true,"href":"https:\/\/crimston.pl\/en\/wp-json\/wp\/v2\/media\/975"}],"wp:attachment":[{"href":"https:\/\/crimston.pl\/en\/wp-json\/wp\/v2\/media?parent=974"}],"wp:term":[{"taxonomy":"product_cat","embeddable":true,"href":"https:\/\/crimston.pl\/en\/wp-json\/wp\/v2\/product_cat?post=974"},{"taxonomy":"product_tag","embeddable":true,"href":"https:\/\/crimston.pl\/en\/wp-json\/wp\/v2\/product_tag?post=974"}],"curies":[{"name":"wp","href":"https:\/\/api.w.org\/{rel}","templated":true}]}}