{"id":9687,"date":"2025-08-04T14:49:37","date_gmt":"2025-08-04T12:49:37","guid":{"rendered":"https:\/\/crimston.pl\/?post_type=product&#038;p=9687"},"modified":"2026-02-06T10:07:34","modified_gmt":"2026-02-06T09:07:34","slug":"tequila-don-ramon-limited-edition-ceramica-anejo","status":"publish","type":"product","link":"https:\/\/crimston.pl\/en\/product\/tequila-don-ramon-limited-edition-ceramica-anejo\/","title":{"rendered":"Tequila Don Ram\u00f3n Limited Edition Cer\u00e1mica A\u00f1ejo 700 ml"},"content":{"rendered":"","protected":false},"excerpt":{"rendered":"<p><img decoding=\"async\" class=\"alignnone wp-image-6922\" src=\"https:\/\/crimston.pl\/wp-content\/uploads\/2023\/09\/CASA-DON-RAMON-1-300x102.png\" alt=\"Logo meksyka\u0144skiej tequili i mezcali Casa Don Ram\u00f3n\" width=\"229\" height=\"78\" srcset=\"https:\/\/crimston.pl\/wp-content\/uploads\/2023\/09\/CASA-DON-RAMON-1-300x102.png 300w, https:\/\/crimston.pl\/wp-content\/uploads\/2023\/09\/CASA-DON-RAMON-1-600x204.png 600w, https:\/\/crimston.pl\/wp-content\/uploads\/2023\/09\/CASA-DON-RAMON-1-150x51.png 150w, https:\/\/crimston.pl\/wp-content\/uploads\/2023\/09\/CASA-DON-RAMON-1-64x22.png 64w, https:\/\/crimston.pl\/wp-content\/uploads\/2023\/09\/CASA-DON-RAMON-1.png 678w\" sizes=\"(max-width: 229px) 100vw, 229px\" \/><\/p>\n<p>Tequila Don Ram\u00f3n Cer\u00e1mica A\u00f1ejo is the quintessence of Mexican tradition and craftsmanship, enclosed in a bottle that is a work of art in itself. Each ceramic bottle refers to Talavera art. The intense red decorations symbolize the fertile land of Jalisco, from which the agaves that form the soul of this spirit grow. This unique combination makes this tequila tell the story of the Mexican land.<\/p>\n<p>Produced from 100% blue agave, the A\u00f1ejo Tequila is aged for 12 months in oak barrels, which gives it a deep, dark amber color and a complex character. The long aging process allows the spirit to acquire elegance. Its aroma is dominated by noble notes of wood and vanilla, which harmoniously combine with the scent of mature agave.<\/p>\n<p>In taste, the tequila is rich and velvety, with discernible notes of wood and sweets that lead to a long and satisfying finish. It is a spirit created for slow sipping to fully appreciate its complexity. Tequila Don Ram\u00f3n Cer\u00e1mica A\u00f1ejo is a proposition for discerning palates, offering a luxurious experience.<\/p>\n<p><strong>Agave<\/strong>: 100% Blue agave<br \/>\n<strong>Aging<\/strong>: 12 months in oak barrels<br \/>\n<strong>Color<\/strong>: Dark amber<br \/>\n<strong>Aroma<\/strong>: Soft notes of wood, vanilla and agave<br \/>\n<strong>Notes<\/strong>: Wood and sweets&#8230;<\/p>\n<p class=\"more-wrap\"><a class=\"btn btn-secondary understrap-read-more-link\" href=\"https:\/\/crimston.pl\/en\/product\/tequila-don-ramon-limited-edition-ceramica-anejo\/\">more<\/a><\/p>\n","protected":false},"featured_media":9706,"template":"","meta":{"_acf_changed":false,"_uag_custom_page_level_css":"","inline_featured_image":false},"product_cat":[71],"product_tag":[580,577],"class_list":{"0":"post-9687","1":"product","2":"type-product","3":"status-publish","4":"has-post-thumbnail","6":"product_cat-tequila","7":"product_tag-alcohol-gift","8":"product_tag-alcohol-wholesaler","9":"brand-casa-don-ramon","11":"first","12":"instock","13":"taxable","14":"shipping-taxable","15":"purchasable","16":"product-type-simple"},"acf":[],"yoast_head":"<!-- This site is optimized with the Yoast SEO plugin v23.9 - https:\/\/yoast.com\/wordpress\/plugins\/seo\/ -->\n<title>Tequila Don Ram\u00f3n Limited Edition Cer\u00e1mica A\u00f1ejo 700 ml - Crimston Spirits<\/title>\n<meta name=\"description\" content=\"Luxurious Tequila Don Ram\u00f3n A\u00f1ejo from the Cer\u00e1mica edition. Aged for 12 months, it offers a deep taste of wood, vanilla, and sweets.\" \/>\n<meta name=\"robots\" content=\"index, follow, max-snippet:-1, max-image-preview:large, max-video-preview:-1\" \/>\n<link rel=\"canonical\" href=\"https:\/\/crimston.pl\/en\/product\/tequila-don-ramon-limited-edition-ceramica-anejo\/\" \/>\n<meta property=\"og:locale\" content=\"en_US\" \/>\n<meta property=\"og:type\" content=\"article\" \/>\n<meta property=\"og:title\" content=\"Tequila Don Ram\u00f3n Limited Edition Cer\u00e1mica A\u00f1ejo 700 ml - Crimston Spirits\" \/>\n<meta property=\"og:description\" content=\"Luxurious Tequila Don Ram\u00f3n A\u00f1ejo from the Cer\u00e1mica edition. Aged for 12 months, it offers a deep taste of wood, vanilla, and sweets.\" \/>\n<meta property=\"og:url\" content=\"https:\/\/crimston.pl\/en\/product\/tequila-don-ramon-limited-edition-ceramica-anejo\/\" \/>\n<meta property=\"og:site_name\" content=\"Crimston Spirits\" \/>\n<meta property=\"article:modified_time\" content=\"2026-02-06T09:07:34+00:00\" \/>\n<meta property=\"og:image\" content=\"https:\/\/crimston.pl\/wp-content\/uploads\/2025\/08\/Casa-Don-Ramon-Ceramica-Anejo-1.png\" \/>\n\t<meta property=\"og:image:width\" content=\"2000\" \/>\n\t<meta property=\"og:image:height\" content=\"2000\" \/>\n\t<meta property=\"og:image:type\" content=\"image\/png\" \/>\n<meta name=\"twitter:card\" content=\"summary_large_image\" \/>\n<meta name=\"twitter:label1\" content=\"Est. reading time\" \/>\n\t<meta name=\"twitter:data1\" content=\"1 minute\" \/>\n<script type=\"application\/ld+json\" class=\"yoast-schema-graph\">{\"@context\":\"https:\/\/schema.org\",\"@graph\":[{\"@type\":\"WebPage\",\"@id\":\"https:\/\/crimston.pl\/en\/product\/tequila-don-ramon-limited-edition-ceramica-anejo\/\",\"url\":\"https:\/\/crimston.pl\/en\/product\/tequila-don-ramon-limited-edition-ceramica-anejo\/\",\"name\":\"Tequila Don Ram\u00f3n Limited Edition Cer\u00e1mica A\u00f1ejo 700 ml - Crimston Spirits\",\"isPartOf\":{\"@id\":\"https:\/\/crimston.pl\/en\/#website\"},\"primaryImageOfPage\":{\"@id\":\"https:\/\/crimston.pl\/en\/product\/tequila-don-ramon-limited-edition-ceramica-anejo\/#primaryimage\"},\"image\":{\"@id\":\"https:\/\/crimston.pl\/en\/product\/tequila-don-ramon-limited-edition-ceramica-anejo\/#primaryimage\"},\"thumbnailUrl\":\"https:\/\/crimston.pl\/wp-content\/uploads\/2025\/08\/Casa-Don-Ramon-Ceramica-Anejo-1.png\",\"datePublished\":\"2025-08-04T12:49:37+00:00\",\"dateModified\":\"2026-02-06T09:07:34+00:00\",\"description\":\"Luxurious Tequila Don Ram\u00f3n A\u00f1ejo from the Cer\u00e1mica edition. Aged for 12 months, it offers a deep taste of wood, vanilla, and sweets.\",\"breadcrumb\":{\"@id\":\"https:\/\/crimston.pl\/en\/product\/tequila-don-ramon-limited-edition-ceramica-anejo\/#breadcrumb\"},\"inLanguage\":\"en-US\",\"potentialAction\":[{\"@type\":\"ReadAction\",\"target\":[\"https:\/\/crimston.pl\/en\/product\/tequila-don-ramon-limited-edition-ceramica-anejo\/\"]}]},{\"@type\":\"ImageObject\",\"inLanguage\":\"en-US\",\"@id\":\"https:\/\/crimston.pl\/en\/product\/tequila-don-ramon-limited-edition-ceramica-anejo\/#primaryimage\",\"url\":\"https:\/\/crimston.pl\/wp-content\/uploads\/2025\/08\/Casa-Don-Ramon-Ceramica-Anejo-1.png\",\"contentUrl\":\"https:\/\/crimston.pl\/wp-content\/uploads\/2025\/08\/Casa-Don-Ramon-Ceramica-Anejo-1.png\",\"width\":2000,\"height\":2000,\"caption\":\"Casa Don Ram\u00f3n Cer\u00e1mica tequila, A\u00f1ejo version, in a hand-decorated white bottle\"},{\"@type\":\"BreadcrumbList\",\"@id\":\"https:\/\/crimston.pl\/en\/product\/tequila-don-ramon-limited-edition-ceramica-anejo\/#breadcrumb\",\"itemListElement\":[{\"@type\":\"ListItem\",\"position\":1,\"name\":\"Home\",\"item\":\"https:\/\/crimston.pl\/en\/\"},{\"@type\":\"ListItem\",\"position\":2,\"name\":\"Spirits portfolio\",\"item\":\"https:\/\/crimston.pl\/en\/spirits-portfolio\/\"},{\"@type\":\"ListItem\",\"position\":3,\"name\":\"Tequila Don Ram\u00f3n Limited Edition Cer\u00e1mica A\u00f1ejo 700 ml\"}]},{\"@type\":\"WebSite\",\"@id\":\"https:\/\/crimston.pl\/en\/#website\",\"url\":\"https:\/\/crimston.pl\/en\/\",\"name\":\"Crimston Spirits\",\"description\":\"\",\"publisher\":{\"@id\":\"https:\/\/crimston.pl\/en\/#organization\"},\"potentialAction\":[{\"@type\":\"SearchAction\",\"target\":{\"@type\":\"EntryPoint\",\"urlTemplate\":\"https:\/\/crimston.pl\/en\/?s={search_term_string}\"},\"query-input\":{\"@type\":\"PropertyValueSpecification\",\"valueRequired\":true,\"valueName\":\"search_term_string\"}}],\"inLanguage\":\"en-US\"},{\"@type\":\"Organization\",\"@id\":\"https:\/\/crimston.pl\/en\/#organization\",\"name\":\"Crimston Spirits\",\"url\":\"https:\/\/crimston.pl\/en\/\",\"logo\":{\"@type\":\"ImageObject\",\"inLanguage\":\"en-US\",\"@id\":\"https:\/\/crimston.pl\/en\/#\/schema\/logo\/image\/\",\"url\":\"https:\/\/crimston.pl\/wp-content\/uploads\/2019\/11\/crimston-logo-color.svg\",\"contentUrl\":\"https:\/\/crimston.pl\/wp-content\/uploads\/2019\/11\/crimston-logo-color.svg\",\"width\":415,\"height\":29,\"caption\":\"Crimston Spirits\"},\"image\":{\"@id\":\"https:\/\/crimston.pl\/en\/#\/schema\/logo\/image\/\"}}]}<\/script>\n<!-- \/ Yoast SEO plugin. -->","yoast_head_json":{"title":"Tequila Don Ram\u00f3n Limited Edition Cer\u00e1mica A\u00f1ejo 700 ml - Crimston Spirits","description":"Luxurious Tequila Don Ram\u00f3n A\u00f1ejo from the Cer\u00e1mica edition. Aged for 12 months, it offers a deep taste of wood, vanilla, and sweets.","robots":{"index":"index","follow":"follow","max-snippet":"max-snippet:-1","max-image-preview":"max-image-preview:large","max-video-preview":"max-video-preview:-1"},"canonical":"https:\/\/crimston.pl\/en\/product\/tequila-don-ramon-limited-edition-ceramica-anejo\/","og_locale":"en_US","og_type":"article","og_title":"Tequila Don Ram\u00f3n Limited Edition Cer\u00e1mica A\u00f1ejo 700 ml - Crimston Spirits","og_description":"Luxurious Tequila Don Ram\u00f3n A\u00f1ejo from the Cer\u00e1mica edition. Aged for 12 months, it offers a deep taste of wood, vanilla, and sweets.","og_url":"https:\/\/crimston.pl\/en\/product\/tequila-don-ramon-limited-edition-ceramica-anejo\/","og_site_name":"Crimston Spirits","article_modified_time":"2026-02-06T09:07:34+00:00","og_image":[{"width":2000,"height":2000,"url":"https:\/\/crimston.pl\/wp-content\/uploads\/2025\/08\/Casa-Don-Ramon-Ceramica-Anejo-1.png","type":"image\/png"}],"twitter_card":"summary_large_image","twitter_misc":{"Est. reading time":"1 minute"},"schema":{"@context":"https:\/\/schema.org","@graph":[{"@type":"WebPage","@id":"https:\/\/crimston.pl\/en\/product\/tequila-don-ramon-limited-edition-ceramica-anejo\/","url":"https:\/\/crimston.pl\/en\/product\/tequila-don-ramon-limited-edition-ceramica-anejo\/","name":"Tequila Don Ram\u00f3n Limited Edition Cer\u00e1mica A\u00f1ejo 700 ml - Crimston Spirits","isPartOf":{"@id":"https:\/\/crimston.pl\/en\/#website"},"primaryImageOfPage":{"@id":"https:\/\/crimston.pl\/en\/product\/tequila-don-ramon-limited-edition-ceramica-anejo\/#primaryimage"},"image":{"@id":"https:\/\/crimston.pl\/en\/product\/tequila-don-ramon-limited-edition-ceramica-anejo\/#primaryimage"},"thumbnailUrl":"https:\/\/crimston.pl\/wp-content\/uploads\/2025\/08\/Casa-Don-Ramon-Ceramica-Anejo-1.png","datePublished":"2025-08-04T12:49:37+00:00","dateModified":"2026-02-06T09:07:34+00:00","description":"Luxurious Tequila Don Ram\u00f3n A\u00f1ejo from the Cer\u00e1mica edition. Aged for 12 months, it offers a deep taste of wood, vanilla, and sweets.","breadcrumb":{"@id":"https:\/\/crimston.pl\/en\/product\/tequila-don-ramon-limited-edition-ceramica-anejo\/#breadcrumb"},"inLanguage":"en-US","potentialAction":[{"@type":"ReadAction","target":["https:\/\/crimston.pl\/en\/product\/tequila-don-ramon-limited-edition-ceramica-anejo\/"]}]},{"@type":"ImageObject","inLanguage":"en-US","@id":"https:\/\/crimston.pl\/en\/product\/tequila-don-ramon-limited-edition-ceramica-anejo\/#primaryimage","url":"https:\/\/crimston.pl\/wp-content\/uploads\/2025\/08\/Casa-Don-Ramon-Ceramica-Anejo-1.png","contentUrl":"https:\/\/crimston.pl\/wp-content\/uploads\/2025\/08\/Casa-Don-Ramon-Ceramica-Anejo-1.png","width":2000,"height":2000,"caption":"Casa Don Ram\u00f3n Cer\u00e1mica tequila, A\u00f1ejo version, in a hand-decorated white bottle"},{"@type":"BreadcrumbList","@id":"https:\/\/crimston.pl\/en\/product\/tequila-don-ramon-limited-edition-ceramica-anejo\/#breadcrumb","itemListElement":[{"@type":"ListItem","position":1,"name":"Home","item":"https:\/\/crimston.pl\/en\/"},{"@type":"ListItem","position":2,"name":"Spirits portfolio","item":"https:\/\/crimston.pl\/en\/spirits-portfolio\/"},{"@type":"ListItem","position":3,"name":"Tequila Don Ram\u00f3n Limited Edition Cer\u00e1mica A\u00f1ejo 700 ml"}]},{"@type":"WebSite","@id":"https:\/\/crimston.pl\/en\/#website","url":"https:\/\/crimston.pl\/en\/","name":"Crimston Spirits","description":"","publisher":{"@id":"https:\/\/crimston.pl\/en\/#organization"},"potentialAction":[{"@type":"SearchAction","target":{"@type":"EntryPoint","urlTemplate":"https:\/\/crimston.pl\/en\/?s={search_term_string}"},"query-input":{"@type":"PropertyValueSpecification","valueRequired":true,"valueName":"search_term_string"}}],"inLanguage":"en-US"},{"@type":"Organization","@id":"https:\/\/crimston.pl\/en\/#organization","name":"Crimston Spirits","url":"https:\/\/crimston.pl\/en\/","logo":{"@type":"ImageObject","inLanguage":"en-US","@id":"https:\/\/crimston.pl\/en\/#\/schema\/logo\/image\/","url":"https:\/\/crimston.pl\/wp-content\/uploads\/2019\/11\/crimston-logo-color.svg","contentUrl":"https:\/\/crimston.pl\/wp-content\/uploads\/2019\/11\/crimston-logo-color.svg","width":415,"height":29,"caption":"Crimston Spirits"},"image":{"@id":"https:\/\/crimston.pl\/en\/#\/schema\/logo\/image\/"}}]}},"uagb_featured_image_src":{"full":["https:\/\/crimston.pl\/wp-content\/uploads\/2025\/08\/Casa-Don-Ramon-Ceramica-Anejo-1.png",2000,2000,false],"thumbnail":["https:\/\/crimston.pl\/wp-content\/uploads\/2025\/08\/Casa-Don-Ramon-Ceramica-Anejo-1-150x150.png",150,150,true],"medium":["https:\/\/crimston.pl\/wp-content\/uploads\/2025\/08\/Casa-Don-Ramon-Ceramica-Anejo-1-300x300.png",300,300,true],"medium_large":["https:\/\/crimston.pl\/wp-content\/uploads\/2025\/08\/Casa-Don-Ramon-Ceramica-Anejo-1-768x768.png",640,640,true],"large":["https:\/\/crimston.pl\/wp-content\/uploads\/2025\/08\/Casa-Don-Ramon-Ceramica-Anejo-1-1024x1024.png",640,640,true],"1536x1536":["https:\/\/crimston.pl\/wp-content\/uploads\/2025\/08\/Casa-Don-Ramon-Ceramica-Anejo-1-1536x1536.png",1536,1536,true],"2048x2048":["https:\/\/crimston.pl\/wp-content\/uploads\/2025\/08\/Casa-Don-Ramon-Ceramica-Anejo-1.png",2000,2000,false],"woocommerce_thumbnail":["https:\/\/crimston.pl\/wp-content\/uploads\/2025\/08\/Casa-Don-Ramon-Ceramica-Anejo-1-300x300.png",300,300,true],"woocommerce_single":["https:\/\/crimston.pl\/wp-content\/uploads\/2025\/08\/Casa-Don-Ramon-Ceramica-Anejo-1-600x600.png",600,600,true],"woocommerce_gallery_thumbnail":["https:\/\/crimston.pl\/wp-content\/uploads\/2025\/08\/Casa-Don-Ramon-Ceramica-Anejo-1-150x150.png",150,150,true]},"uagb_author_info":{"display_name":"Kuba","author_link":"https:\/\/crimston.pl\/en\/author\/"},"uagb_comment_info":0,"uagb_excerpt":"Tequila Don Ram\u00f3n Cer\u00e1mica A\u00f1ejo is the quintessence of Mexican tradition and craftsmanship, enclosed in a bottle that is a work of art in itself. Each ceramic bottle refers to Talavera art. The intense red decorations symbolize the fertile land of Jalisco, from which the agaves that form the soul of this spirit grow. This&hellip;","_links":{"self":[{"href":"https:\/\/crimston.pl\/en\/wp-json\/wp\/v2\/product\/9687","targetHints":{"allow":["GET"]}}],"collection":[{"href":"https:\/\/crimston.pl\/en\/wp-json\/wp\/v2\/product"}],"about":[{"href":"https:\/\/crimston.pl\/en\/wp-json\/wp\/v2\/types\/product"}],"wp:featuredmedia":[{"embeddable":true,"href":"https:\/\/crimston.pl\/en\/wp-json\/wp\/v2\/media\/9706"}],"wp:attachment":[{"href":"https:\/\/crimston.pl\/en\/wp-json\/wp\/v2\/media?parent=9687"}],"wp:term":[{"taxonomy":"product_cat","embeddable":true,"href":"https:\/\/crimston.pl\/en\/wp-json\/wp\/v2\/product_cat?post=9687"},{"taxonomy":"product_tag","embeddable":true,"href":"https:\/\/crimston.pl\/en\/wp-json\/wp\/v2\/product_tag?post=9687"}],"curies":[{"name":"wp","href":"https:\/\/api.w.org\/{rel}","templated":true}]}}