{"id":9669,"date":"2025-08-04T14:26:28","date_gmt":"2025-08-04T12:26:29","guid":{"rendered":"https:\/\/crimston.pl\/?post_type=product&#038;p=9669"},"modified":"2026-02-06T10:07:33","modified_gmt":"2026-02-06T09:07:33","slug":"tequila-don-ramon-limited-edition-ceramica-plata","status":"publish","type":"product","link":"https:\/\/crimston.pl\/en\/product\/tequila-don-ramon-limited-edition-ceramica-plata\/","title":{"rendered":"Tequila Don Ram\u00f3n Limited Edition Cer\u00e1mica Plata 700 ml"},"content":{"rendered":"","protected":false},"excerpt":{"rendered":"<p><img decoding=\"async\" class=\"alignnone wp-image-6922\" src=\"https:\/\/crimston.pl\/wp-content\/uploads\/2023\/09\/CASA-DON-RAMON-1-300x102.png\" alt=\"Logo meksyka\u0144skiej tequili i mezcali Casa Don Ram\u00f3n\" width=\"229\" height=\"78\" srcset=\"https:\/\/crimston.pl\/wp-content\/uploads\/2023\/09\/CASA-DON-RAMON-1-300x102.png 300w, https:\/\/crimston.pl\/wp-content\/uploads\/2023\/09\/CASA-DON-RAMON-1-600x204.png 600w, https:\/\/crimston.pl\/wp-content\/uploads\/2023\/09\/CASA-DON-RAMON-1-150x51.png 150w, https:\/\/crimston.pl\/wp-content\/uploads\/2023\/09\/CASA-DON-RAMON-1-64x22.png 64w, https:\/\/crimston.pl\/wp-content\/uploads\/2023\/09\/CASA-DON-RAMON-1.png 678w\" sizes=\"(max-width: 229px) 100vw, 229px\" \/><\/p>\n<p>Tequila Don Ram\u00f3n&#8217;s Cer\u00e1mica edition is a tribute to Mexico&#8217;s cultural heritage. Each bottle is inspired by the world-renowned Talavera pottery, whose intricate patterns are the result of skills perfected over generations. The blue embellishments on the bottle symbolize the skies that watch over the agave fields. It is a combination of two of Mexico&#8217;s treasures: an outstanding spirit and unique art.<\/p>\n<p>Tequila Don Ram\u00f3n Plata is a pure expression of 100% blue agave, characterized by its crystalline color. Its aroma is dominated by sweet notes of cooked agave, complemented by fruity and herbal accents. This spirit perfectly reflects the character of the raw material from which it was made, offering an authentic taste experience. Its smooth profile makes it suitable for both sipping neat and as a base for cocktails.<\/p>\n<p>On the palate, the tequila is consistent with its aromatic profile, offering pleasant sweet and fruity notes that lead to a crisp, clean finish. Every sip is an invitation to the world of Mexican tradition. The classic yet sophisticated design of the bottle makes this tequila an ornament for any collection and a testament to an appreciation for unique experiences.<\/p>\n<p><strong>Agave<\/strong>: 100% Blue agave<br \/>\n<strong>Color<\/strong>: Crystalline<br \/>\n<strong>Aroma<\/strong>: Sweet, cooked agave, fruity and herbal notes<br \/>\n<strong>Notes<\/strong>: Sweet notes with fruity touches&#8230;<\/p>\n<p class=\"more-wrap\"><a class=\"btn btn-secondary understrap-read-more-link\" href=\"https:\/\/crimston.pl\/en\/product\/tequila-don-ramon-limited-edition-ceramica-plata\/\">more<\/a><\/p>\n","protected":false},"featured_media":9708,"template":"","meta":{"_acf_changed":false,"_uag_custom_page_level_css":"","inline_featured_image":false},"product_cat":[71],"product_tag":[580,577],"class_list":{"0":"post-9669","1":"product","2":"type-product","3":"status-publish","4":"has-post-thumbnail","6":"product_cat-tequila","7":"product_tag-alcohol-gift","8":"product_tag-alcohol-wholesaler","9":"brand-casa-don-ramon","11":"first","12":"instock","13":"taxable","14":"shipping-taxable","15":"purchasable","16":"product-type-simple"},"acf":[],"yoast_head":"<!-- This site is optimized with the Yoast SEO plugin v23.9 - https:\/\/yoast.com\/wordpress\/plugins\/seo\/ -->\n<title>Tequila Don Ram\u00f3n Limited Edition Cer\u00e1mica Plata 700 ml - Crimston Spirits<\/title>\n<meta name=\"description\" content=\"Tequila Don Ram\u00f3n Plata from the Cer\u00e1mica edition. 100% blue agave in a bottle inspired by Talavera art, with a fresh, fruity profile.\" \/>\n<meta name=\"robots\" content=\"index, follow, max-snippet:-1, max-image-preview:large, max-video-preview:-1\" \/>\n<link rel=\"canonical\" href=\"https:\/\/crimston.pl\/en\/product\/tequila-don-ramon-limited-edition-ceramica-plata\/\" \/>\n<meta property=\"og:locale\" content=\"en_US\" \/>\n<meta property=\"og:type\" content=\"article\" \/>\n<meta property=\"og:title\" content=\"Tequila Don Ram\u00f3n Limited Edition Cer\u00e1mica Plata 700 ml - Crimston Spirits\" \/>\n<meta property=\"og:description\" content=\"Tequila Don Ram\u00f3n Plata from the Cer\u00e1mica edition. 100% blue agave in a bottle inspired by Talavera art, with a fresh, fruity profile.\" \/>\n<meta property=\"og:url\" content=\"https:\/\/crimston.pl\/en\/product\/tequila-don-ramon-limited-edition-ceramica-plata\/\" \/>\n<meta property=\"og:site_name\" content=\"Crimston Spirits\" \/>\n<meta property=\"article:modified_time\" content=\"2026-02-06T09:07:33+00:00\" \/>\n<meta property=\"og:image\" content=\"https:\/\/crimston.pl\/wp-content\/uploads\/2025\/08\/Casa-Don-Ramon-Ceramica-Plata-1.png\" \/>\n\t<meta property=\"og:image:width\" content=\"2000\" \/>\n\t<meta property=\"og:image:height\" content=\"2000\" \/>\n\t<meta property=\"og:image:type\" content=\"image\/png\" \/>\n<meta name=\"twitter:card\" content=\"summary_large_image\" \/>\n<meta name=\"twitter:label1\" content=\"Est. reading time\" \/>\n\t<meta name=\"twitter:data1\" content=\"1 minute\" \/>\n<script type=\"application\/ld+json\" class=\"yoast-schema-graph\">{\"@context\":\"https:\/\/schema.org\",\"@graph\":[{\"@type\":\"WebPage\",\"@id\":\"https:\/\/crimston.pl\/en\/product\/tequila-don-ramon-limited-edition-ceramica-plata\/\",\"url\":\"https:\/\/crimston.pl\/en\/product\/tequila-don-ramon-limited-edition-ceramica-plata\/\",\"name\":\"Tequila Don Ram\u00f3n Limited Edition Cer\u00e1mica Plata 700 ml - Crimston Spirits\",\"isPartOf\":{\"@id\":\"https:\/\/crimston.pl\/en\/#website\"},\"primaryImageOfPage\":{\"@id\":\"https:\/\/crimston.pl\/en\/product\/tequila-don-ramon-limited-edition-ceramica-plata\/#primaryimage\"},\"image\":{\"@id\":\"https:\/\/crimston.pl\/en\/product\/tequila-don-ramon-limited-edition-ceramica-plata\/#primaryimage\"},\"thumbnailUrl\":\"https:\/\/crimston.pl\/wp-content\/uploads\/2025\/08\/Casa-Don-Ramon-Ceramica-Plata-1.png\",\"datePublished\":\"2025-08-04T12:26:29+00:00\",\"dateModified\":\"2026-02-06T09:07:33+00:00\",\"description\":\"Tequila Don Ram\u00f3n Plata from the Cer\u00e1mica edition. 100% blue agave in a bottle inspired by Talavera art, with a fresh, fruity profile.\",\"breadcrumb\":{\"@id\":\"https:\/\/crimston.pl\/en\/product\/tequila-don-ramon-limited-edition-ceramica-plata\/#breadcrumb\"},\"inLanguage\":\"en-US\",\"potentialAction\":[{\"@type\":\"ReadAction\",\"target\":[\"https:\/\/crimston.pl\/en\/product\/tequila-don-ramon-limited-edition-ceramica-plata\/\"]}]},{\"@type\":\"ImageObject\",\"inLanguage\":\"en-US\",\"@id\":\"https:\/\/crimston.pl\/en\/product\/tequila-don-ramon-limited-edition-ceramica-plata\/#primaryimage\",\"url\":\"https:\/\/crimston.pl\/wp-content\/uploads\/2025\/08\/Casa-Don-Ramon-Ceramica-Plata-1.png\",\"contentUrl\":\"https:\/\/crimston.pl\/wp-content\/uploads\/2025\/08\/Casa-Don-Ramon-Ceramica-Plata-1.png\",\"width\":2000,\"height\":2000,\"caption\":\"Bottle of Casa Don Ram\u00f3n Cer\u00e1mica tequila, Plata version, on a plain grey background\"},{\"@type\":\"BreadcrumbList\",\"@id\":\"https:\/\/crimston.pl\/en\/product\/tequila-don-ramon-limited-edition-ceramica-plata\/#breadcrumb\",\"itemListElement\":[{\"@type\":\"ListItem\",\"position\":1,\"name\":\"Home\",\"item\":\"https:\/\/crimston.pl\/en\/\"},{\"@type\":\"ListItem\",\"position\":2,\"name\":\"Spirits portfolio\",\"item\":\"https:\/\/crimston.pl\/en\/spirits-portfolio\/\"},{\"@type\":\"ListItem\",\"position\":3,\"name\":\"Tequila Don Ram\u00f3n Limited Edition Cer\u00e1mica Plata 700 ml\"}]},{\"@type\":\"WebSite\",\"@id\":\"https:\/\/crimston.pl\/en\/#website\",\"url\":\"https:\/\/crimston.pl\/en\/\",\"name\":\"Crimston Spirits\",\"description\":\"\",\"publisher\":{\"@id\":\"https:\/\/crimston.pl\/en\/#organization\"},\"potentialAction\":[{\"@type\":\"SearchAction\",\"target\":{\"@type\":\"EntryPoint\",\"urlTemplate\":\"https:\/\/crimston.pl\/en\/?s={search_term_string}\"},\"query-input\":{\"@type\":\"PropertyValueSpecification\",\"valueRequired\":true,\"valueName\":\"search_term_string\"}}],\"inLanguage\":\"en-US\"},{\"@type\":\"Organization\",\"@id\":\"https:\/\/crimston.pl\/en\/#organization\",\"name\":\"Crimston Spirits\",\"url\":\"https:\/\/crimston.pl\/en\/\",\"logo\":{\"@type\":\"ImageObject\",\"inLanguage\":\"en-US\",\"@id\":\"https:\/\/crimston.pl\/en\/#\/schema\/logo\/image\/\",\"url\":\"https:\/\/crimston.pl\/wp-content\/uploads\/2019\/11\/crimston-logo-color.svg\",\"contentUrl\":\"https:\/\/crimston.pl\/wp-content\/uploads\/2019\/11\/crimston-logo-color.svg\",\"width\":415,\"height\":29,\"caption\":\"Crimston Spirits\"},\"image\":{\"@id\":\"https:\/\/crimston.pl\/en\/#\/schema\/logo\/image\/\"}}]}<\/script>\n<!-- \/ Yoast SEO plugin. -->","yoast_head_json":{"title":"Tequila Don Ram\u00f3n Limited Edition Cer\u00e1mica Plata 700 ml - Crimston Spirits","description":"Tequila Don Ram\u00f3n Plata from the Cer\u00e1mica edition. 100% blue agave in a bottle inspired by Talavera art, with a fresh, fruity profile.","robots":{"index":"index","follow":"follow","max-snippet":"max-snippet:-1","max-image-preview":"max-image-preview:large","max-video-preview":"max-video-preview:-1"},"canonical":"https:\/\/crimston.pl\/en\/product\/tequila-don-ramon-limited-edition-ceramica-plata\/","og_locale":"en_US","og_type":"article","og_title":"Tequila Don Ram\u00f3n Limited Edition Cer\u00e1mica Plata 700 ml - Crimston Spirits","og_description":"Tequila Don Ram\u00f3n Plata from the Cer\u00e1mica edition. 100% blue agave in a bottle inspired by Talavera art, with a fresh, fruity profile.","og_url":"https:\/\/crimston.pl\/en\/product\/tequila-don-ramon-limited-edition-ceramica-plata\/","og_site_name":"Crimston Spirits","article_modified_time":"2026-02-06T09:07:33+00:00","og_image":[{"width":2000,"height":2000,"url":"https:\/\/crimston.pl\/wp-content\/uploads\/2025\/08\/Casa-Don-Ramon-Ceramica-Plata-1.png","type":"image\/png"}],"twitter_card":"summary_large_image","twitter_misc":{"Est. reading time":"1 minute"},"schema":{"@context":"https:\/\/schema.org","@graph":[{"@type":"WebPage","@id":"https:\/\/crimston.pl\/en\/product\/tequila-don-ramon-limited-edition-ceramica-plata\/","url":"https:\/\/crimston.pl\/en\/product\/tequila-don-ramon-limited-edition-ceramica-plata\/","name":"Tequila Don Ram\u00f3n Limited Edition Cer\u00e1mica Plata 700 ml - Crimston Spirits","isPartOf":{"@id":"https:\/\/crimston.pl\/en\/#website"},"primaryImageOfPage":{"@id":"https:\/\/crimston.pl\/en\/product\/tequila-don-ramon-limited-edition-ceramica-plata\/#primaryimage"},"image":{"@id":"https:\/\/crimston.pl\/en\/product\/tequila-don-ramon-limited-edition-ceramica-plata\/#primaryimage"},"thumbnailUrl":"https:\/\/crimston.pl\/wp-content\/uploads\/2025\/08\/Casa-Don-Ramon-Ceramica-Plata-1.png","datePublished":"2025-08-04T12:26:29+00:00","dateModified":"2026-02-06T09:07:33+00:00","description":"Tequila Don Ram\u00f3n Plata from the Cer\u00e1mica edition. 100% blue agave in a bottle inspired by Talavera art, with a fresh, fruity profile.","breadcrumb":{"@id":"https:\/\/crimston.pl\/en\/product\/tequila-don-ramon-limited-edition-ceramica-plata\/#breadcrumb"},"inLanguage":"en-US","potentialAction":[{"@type":"ReadAction","target":["https:\/\/crimston.pl\/en\/product\/tequila-don-ramon-limited-edition-ceramica-plata\/"]}]},{"@type":"ImageObject","inLanguage":"en-US","@id":"https:\/\/crimston.pl\/en\/product\/tequila-don-ramon-limited-edition-ceramica-plata\/#primaryimage","url":"https:\/\/crimston.pl\/wp-content\/uploads\/2025\/08\/Casa-Don-Ramon-Ceramica-Plata-1.png","contentUrl":"https:\/\/crimston.pl\/wp-content\/uploads\/2025\/08\/Casa-Don-Ramon-Ceramica-Plata-1.png","width":2000,"height":2000,"caption":"Bottle of Casa Don Ram\u00f3n Cer\u00e1mica tequila, Plata version, on a plain grey background"},{"@type":"BreadcrumbList","@id":"https:\/\/crimston.pl\/en\/product\/tequila-don-ramon-limited-edition-ceramica-plata\/#breadcrumb","itemListElement":[{"@type":"ListItem","position":1,"name":"Home","item":"https:\/\/crimston.pl\/en\/"},{"@type":"ListItem","position":2,"name":"Spirits portfolio","item":"https:\/\/crimston.pl\/en\/spirits-portfolio\/"},{"@type":"ListItem","position":3,"name":"Tequila Don Ram\u00f3n Limited Edition Cer\u00e1mica Plata 700 ml"}]},{"@type":"WebSite","@id":"https:\/\/crimston.pl\/en\/#website","url":"https:\/\/crimston.pl\/en\/","name":"Crimston Spirits","description":"","publisher":{"@id":"https:\/\/crimston.pl\/en\/#organization"},"potentialAction":[{"@type":"SearchAction","target":{"@type":"EntryPoint","urlTemplate":"https:\/\/crimston.pl\/en\/?s={search_term_string}"},"query-input":{"@type":"PropertyValueSpecification","valueRequired":true,"valueName":"search_term_string"}}],"inLanguage":"en-US"},{"@type":"Organization","@id":"https:\/\/crimston.pl\/en\/#organization","name":"Crimston Spirits","url":"https:\/\/crimston.pl\/en\/","logo":{"@type":"ImageObject","inLanguage":"en-US","@id":"https:\/\/crimston.pl\/en\/#\/schema\/logo\/image\/","url":"https:\/\/crimston.pl\/wp-content\/uploads\/2019\/11\/crimston-logo-color.svg","contentUrl":"https:\/\/crimston.pl\/wp-content\/uploads\/2019\/11\/crimston-logo-color.svg","width":415,"height":29,"caption":"Crimston Spirits"},"image":{"@id":"https:\/\/crimston.pl\/en\/#\/schema\/logo\/image\/"}}]}},"uagb_featured_image_src":{"full":["https:\/\/crimston.pl\/wp-content\/uploads\/2025\/08\/Casa-Don-Ramon-Ceramica-Plata-1.png",2000,2000,false],"thumbnail":["https:\/\/crimston.pl\/wp-content\/uploads\/2025\/08\/Casa-Don-Ramon-Ceramica-Plata-1-150x150.png",150,150,true],"medium":["https:\/\/crimston.pl\/wp-content\/uploads\/2025\/08\/Casa-Don-Ramon-Ceramica-Plata-1-300x300.png",300,300,true],"medium_large":["https:\/\/crimston.pl\/wp-content\/uploads\/2025\/08\/Casa-Don-Ramon-Ceramica-Plata-1-768x768.png",640,640,true],"large":["https:\/\/crimston.pl\/wp-content\/uploads\/2025\/08\/Casa-Don-Ramon-Ceramica-Plata-1-1024x1024.png",640,640,true],"1536x1536":["https:\/\/crimston.pl\/wp-content\/uploads\/2025\/08\/Casa-Don-Ramon-Ceramica-Plata-1-1536x1536.png",1536,1536,true],"2048x2048":["https:\/\/crimston.pl\/wp-content\/uploads\/2025\/08\/Casa-Don-Ramon-Ceramica-Plata-1.png",2000,2000,false],"woocommerce_thumbnail":["https:\/\/crimston.pl\/wp-content\/uploads\/2025\/08\/Casa-Don-Ramon-Ceramica-Plata-1-300x300.png",300,300,true],"woocommerce_single":["https:\/\/crimston.pl\/wp-content\/uploads\/2025\/08\/Casa-Don-Ramon-Ceramica-Plata-1-600x600.png",600,600,true],"woocommerce_gallery_thumbnail":["https:\/\/crimston.pl\/wp-content\/uploads\/2025\/08\/Casa-Don-Ramon-Ceramica-Plata-1-150x150.png",150,150,true]},"uagb_author_info":{"display_name":"Kuba","author_link":"https:\/\/crimston.pl\/en\/author\/"},"uagb_comment_info":0,"uagb_excerpt":"Tequila Don Ram\u00f3n's Cer\u00e1mica edition is a tribute to Mexico's cultural heritage. Each bottle is inspired by the world-renowned Talavera pottery, whose intricate patterns are the result of skills perfected over generations. The blue embellishments on the bottle symbolize the skies that watch over the agave fields. It is a combination of two of Mexico's&hellip;","_links":{"self":[{"href":"https:\/\/crimston.pl\/en\/wp-json\/wp\/v2\/product\/9669","targetHints":{"allow":["GET"]}}],"collection":[{"href":"https:\/\/crimston.pl\/en\/wp-json\/wp\/v2\/product"}],"about":[{"href":"https:\/\/crimston.pl\/en\/wp-json\/wp\/v2\/types\/product"}],"wp:featuredmedia":[{"embeddable":true,"href":"https:\/\/crimston.pl\/en\/wp-json\/wp\/v2\/media\/9708"}],"wp:attachment":[{"href":"https:\/\/crimston.pl\/en\/wp-json\/wp\/v2\/media?parent=9669"}],"wp:term":[{"taxonomy":"product_cat","embeddable":true,"href":"https:\/\/crimston.pl\/en\/wp-json\/wp\/v2\/product_cat?post=9669"},{"taxonomy":"product_tag","embeddable":true,"href":"https:\/\/crimston.pl\/en\/wp-json\/wp\/v2\/product_tag?post=9669"}],"curies":[{"name":"wp","href":"https:\/\/api.w.org\/{rel}","templated":true}]}}