{"id":7376,"date":"2023-10-16T16:48:50","date_gmt":"2023-10-16T14:48:51","guid":{"rendered":"https:\/\/crimston.pl\/?post_type=product&#038;p=7376"},"modified":"2026-02-06T10:07:23","modified_gmt":"2026-02-06T09:07:23","slug":"tequila-don-ramon-limited-edition-swarovski-extra-anejo","status":"publish","type":"product","link":"https:\/\/crimston.pl\/en\/product\/tequila-don-ramon-limited-edition-swarovski-extra-anejo\/","title":{"rendered":"Tequila Don Ram\u00f3n Limited Edition Swarovski Extra A\u00f1ejo 750 ml \u2013 collector\u2019s edition"},"content":{"rendered":"","protected":false},"excerpt":{"rendered":"<p><img decoding=\"async\" class=\"alignnone wp-image-6922\" src=\"https:\/\/crimston.pl\/wp-content\/uploads\/2023\/09\/CASA-DON-RAMON-1-300x102.png\" alt=\"Logo meksyka\u0144skiej tequili i mezcali Casa Don Ram\u00f3n\" width=\"229\" height=\"78\" srcset=\"https:\/\/crimston.pl\/wp-content\/uploads\/2023\/09\/CASA-DON-RAMON-1-300x102.png 300w, https:\/\/crimston.pl\/wp-content\/uploads\/2023\/09\/CASA-DON-RAMON-1-600x204.png 600w, https:\/\/crimston.pl\/wp-content\/uploads\/2023\/09\/CASA-DON-RAMON-1-150x51.png 150w, https:\/\/crimston.pl\/wp-content\/uploads\/2023\/09\/CASA-DON-RAMON-1-64x22.png 64w, https:\/\/crimston.pl\/wp-content\/uploads\/2023\/09\/CASA-DON-RAMON-1.png 678w\" sizes=\"(max-width: 229px) 100vw, 229px\" \/><\/p>\n<p>Tequila Don Ramon Limited Edition Extra A\u00f1ejo is double-distilled and aged in oak barrels for three years resulting in an exquisitely smooth, complex taste and robust profile.<\/p>\n<p>Made from 100% Blue Agave from the highlands of Jalisco, Mexico, this copper toned elixir embodies the absolute art of fine tequila. A sip reveals a robust body expressed through mature aromatics including berries, cherry and wood notes, with an elegant pepper finish.<\/p>\n<p>Presented in a stunning bottle embellished with Swarovski\u00ae crystals, our offering is designed to both capture the gaze and delight the tastes of the world\u2019s most discerning palates<\/p>\n<p><strong>Limited edition run<\/strong>: 5,000 Bottles<br \/>\n<strong>Agave<\/strong>: 100% Blue agave<br \/>\n<strong>Aged<\/strong>: 3 years in Oak Barrels<br \/>\n<strong>Color<\/strong>: Copper<br \/>\n<strong>Aroma<\/strong>: Nuts<br \/>\n<strong>Notes<\/strong>: Berries, cherry, wood, and pepper&#8230;<\/p>\n<p class=\"more-wrap\"><a class=\"btn btn-secondary understrap-read-more-link\" href=\"https:\/\/crimston.pl\/en\/product\/tequila-don-ramon-limited-edition-swarovski-extra-anejo\/\">more<\/a><\/p>\n","protected":false},"featured_media":7378,"template":"","meta":{"_acf_changed":false,"_uag_custom_page_level_css":"","inline_featured_image":false},"product_cat":[71],"product_tag":[580,577],"class_list":{"0":"post-7376","1":"product","2":"type-product","3":"status-publish","4":"has-post-thumbnail","6":"product_cat-tequila","7":"product_tag-alcohol-gift","8":"product_tag-alcohol-wholesaler","9":"brand-casa-don-ramon","11":"first","12":"instock","13":"taxable","14":"shipping-taxable","15":"purchasable","16":"product-type-simple"},"acf":[],"yoast_head":"<!-- This site is optimized with the Yoast SEO plugin v23.9 - https:\/\/yoast.com\/wordpress\/plugins\/seo\/ -->\n<title>Tequila Don Ram\u00f3n Limited Edition Swarovski Extra A\u00f1ejo 750 ml \u2013 collector\u2019s edition - Crimston Spirits<\/title>\n<meta name=\"description\" content=\"This product is from a limited edition, presented in a beautiful bottle decorated with Swarovski\u00ae crystals\" \/>\n<meta name=\"robots\" content=\"index, follow, max-snippet:-1, max-image-preview:large, max-video-preview:-1\" \/>\n<link rel=\"canonical\" href=\"https:\/\/crimston.pl\/en\/product\/tequila-don-ramon-limited-edition-swarovski-extra-anejo\/\" \/>\n<meta property=\"og:locale\" content=\"en_US\" \/>\n<meta property=\"og:type\" content=\"article\" \/>\n<meta property=\"og:title\" content=\"Tequila Don Ram\u00f3n Limited Edition Swarovski Extra A\u00f1ejo 750 ml \u2013 collector\u2019s edition - Crimston Spirits\" \/>\n<meta property=\"og:description\" content=\"This product is from a limited edition, presented in a beautiful bottle decorated with Swarovski\u00ae crystals\" \/>\n<meta property=\"og:url\" content=\"https:\/\/crimston.pl\/en\/product\/tequila-don-ramon-limited-edition-swarovski-extra-anejo\/\" \/>\n<meta property=\"og:site_name\" content=\"Crimston Spirits\" \/>\n<meta property=\"article:modified_time\" content=\"2026-02-06T09:07:23+00:00\" \/>\n<meta property=\"og:image\" content=\"https:\/\/crimston.pl\/wp-content\/uploads\/2023\/10\/nraebsdfv-1024x1024.png\" \/>\n\t<meta property=\"og:image:width\" content=\"1024\" \/>\n\t<meta property=\"og:image:height\" content=\"1024\" \/>\n\t<meta property=\"og:image:type\" content=\"image\/png\" \/>\n<meta name=\"twitter:card\" content=\"summary_large_image\" \/>\n<meta name=\"twitter:label1\" content=\"Est. reading time\" \/>\n\t<meta name=\"twitter:data1\" content=\"1 minute\" \/>\n<script type=\"application\/ld+json\" class=\"yoast-schema-graph\">{\"@context\":\"https:\/\/schema.org\",\"@graph\":[{\"@type\":\"WebPage\",\"@id\":\"https:\/\/crimston.pl\/en\/product\/tequila-don-ramon-limited-edition-swarovski-extra-anejo\/\",\"url\":\"https:\/\/crimston.pl\/en\/product\/tequila-don-ramon-limited-edition-swarovski-extra-anejo\/\",\"name\":\"Tequila Don Ram\u00f3n Limited Edition Swarovski Extra A\u00f1ejo 750 ml \u2013 collector\u2019s edition - Crimston Spirits\",\"isPartOf\":{\"@id\":\"https:\/\/crimston.pl\/en\/#website\"},\"primaryImageOfPage\":{\"@id\":\"https:\/\/crimston.pl\/en\/product\/tequila-don-ramon-limited-edition-swarovski-extra-anejo\/#primaryimage\"},\"image\":{\"@id\":\"https:\/\/crimston.pl\/en\/product\/tequila-don-ramon-limited-edition-swarovski-extra-anejo\/#primaryimage\"},\"thumbnailUrl\":\"https:\/\/crimston.pl\/wp-content\/uploads\/2023\/10\/nraebsdfv.png\",\"datePublished\":\"2023-10-16T14:48:51+00:00\",\"dateModified\":\"2026-02-06T09:07:23+00:00\",\"description\":\"This product is from a limited edition, presented in a beautiful bottle decorated with Swarovski\u00ae crystals\",\"breadcrumb\":{\"@id\":\"https:\/\/crimston.pl\/en\/product\/tequila-don-ramon-limited-edition-swarovski-extra-anejo\/#breadcrumb\"},\"inLanguage\":\"en-US\",\"potentialAction\":[{\"@type\":\"ReadAction\",\"target\":[\"https:\/\/crimston.pl\/en\/product\/tequila-don-ramon-limited-edition-swarovski-extra-anejo\/\"]}]},{\"@type\":\"ImageObject\",\"inLanguage\":\"en-US\",\"@id\":\"https:\/\/crimston.pl\/en\/product\/tequila-don-ramon-limited-edition-swarovski-extra-anejo\/#primaryimage\",\"url\":\"https:\/\/crimston.pl\/wp-content\/uploads\/2023\/10\/nraebsdfv.png\",\"contentUrl\":\"https:\/\/crimston.pl\/wp-content\/uploads\/2023\/10\/nraebsdfv.png\",\"width\":6301,\"height\":6301,\"caption\":\"Butelka i pude\u0142ko meksyka\u0144skiej tequili Casa Don Ram\u00f3n\"},{\"@type\":\"BreadcrumbList\",\"@id\":\"https:\/\/crimston.pl\/en\/product\/tequila-don-ramon-limited-edition-swarovski-extra-anejo\/#breadcrumb\",\"itemListElement\":[{\"@type\":\"ListItem\",\"position\":1,\"name\":\"Home\",\"item\":\"https:\/\/crimston.pl\/en\/\"},{\"@type\":\"ListItem\",\"position\":2,\"name\":\"Spirits portfolio\",\"item\":\"https:\/\/crimston.pl\/en\/spirits-portfolio\/\"},{\"@type\":\"ListItem\",\"position\":3,\"name\":\"Tequila Don Ram\u00f3n Limited Edition Swarovski Extra A\u00f1ejo 750 ml \u2013 collector\u2019s edition\"}]},{\"@type\":\"WebSite\",\"@id\":\"https:\/\/crimston.pl\/en\/#website\",\"url\":\"https:\/\/crimston.pl\/en\/\",\"name\":\"Crimston Spirits\",\"description\":\"\",\"publisher\":{\"@id\":\"https:\/\/crimston.pl\/en\/#organization\"},\"potentialAction\":[{\"@type\":\"SearchAction\",\"target\":{\"@type\":\"EntryPoint\",\"urlTemplate\":\"https:\/\/crimston.pl\/en\/?s={search_term_string}\"},\"query-input\":{\"@type\":\"PropertyValueSpecification\",\"valueRequired\":true,\"valueName\":\"search_term_string\"}}],\"inLanguage\":\"en-US\"},{\"@type\":\"Organization\",\"@id\":\"https:\/\/crimston.pl\/en\/#organization\",\"name\":\"Crimston Spirits\",\"url\":\"https:\/\/crimston.pl\/en\/\",\"logo\":{\"@type\":\"ImageObject\",\"inLanguage\":\"en-US\",\"@id\":\"https:\/\/crimston.pl\/en\/#\/schema\/logo\/image\/\",\"url\":\"https:\/\/crimston.pl\/wp-content\/uploads\/2019\/11\/crimston-logo-color.svg\",\"contentUrl\":\"https:\/\/crimston.pl\/wp-content\/uploads\/2019\/11\/crimston-logo-color.svg\",\"width\":415,\"height\":29,\"caption\":\"Crimston Spirits\"},\"image\":{\"@id\":\"https:\/\/crimston.pl\/en\/#\/schema\/logo\/image\/\"}}]}<\/script>\n<!-- \/ Yoast SEO plugin. -->","yoast_head_json":{"title":"Tequila Don Ram\u00f3n Limited Edition Swarovski Extra A\u00f1ejo 750 ml \u2013 collector\u2019s edition - Crimston Spirits","description":"This product is from a limited edition, presented in a beautiful bottle decorated with Swarovski\u00ae crystals","robots":{"index":"index","follow":"follow","max-snippet":"max-snippet:-1","max-image-preview":"max-image-preview:large","max-video-preview":"max-video-preview:-1"},"canonical":"https:\/\/crimston.pl\/en\/product\/tequila-don-ramon-limited-edition-swarovski-extra-anejo\/","og_locale":"en_US","og_type":"article","og_title":"Tequila Don Ram\u00f3n Limited Edition Swarovski Extra A\u00f1ejo 750 ml \u2013 collector\u2019s edition - Crimston Spirits","og_description":"This product is from a limited edition, presented in a beautiful bottle decorated with Swarovski\u00ae crystals","og_url":"https:\/\/crimston.pl\/en\/product\/tequila-don-ramon-limited-edition-swarovski-extra-anejo\/","og_site_name":"Crimston Spirits","article_modified_time":"2026-02-06T09:07:23+00:00","og_image":[{"width":1024,"height":1024,"url":"https:\/\/crimston.pl\/wp-content\/uploads\/2023\/10\/nraebsdfv-1024x1024.png","type":"image\/png"}],"twitter_card":"summary_large_image","twitter_misc":{"Est. reading time":"1 minute"},"schema":{"@context":"https:\/\/schema.org","@graph":[{"@type":"WebPage","@id":"https:\/\/crimston.pl\/en\/product\/tequila-don-ramon-limited-edition-swarovski-extra-anejo\/","url":"https:\/\/crimston.pl\/en\/product\/tequila-don-ramon-limited-edition-swarovski-extra-anejo\/","name":"Tequila Don Ram\u00f3n Limited Edition Swarovski Extra A\u00f1ejo 750 ml \u2013 collector\u2019s edition - Crimston Spirits","isPartOf":{"@id":"https:\/\/crimston.pl\/en\/#website"},"primaryImageOfPage":{"@id":"https:\/\/crimston.pl\/en\/product\/tequila-don-ramon-limited-edition-swarovski-extra-anejo\/#primaryimage"},"image":{"@id":"https:\/\/crimston.pl\/en\/product\/tequila-don-ramon-limited-edition-swarovski-extra-anejo\/#primaryimage"},"thumbnailUrl":"https:\/\/crimston.pl\/wp-content\/uploads\/2023\/10\/nraebsdfv.png","datePublished":"2023-10-16T14:48:51+00:00","dateModified":"2026-02-06T09:07:23+00:00","description":"This product is from a limited edition, presented in a beautiful bottle decorated with Swarovski\u00ae crystals","breadcrumb":{"@id":"https:\/\/crimston.pl\/en\/product\/tequila-don-ramon-limited-edition-swarovski-extra-anejo\/#breadcrumb"},"inLanguage":"en-US","potentialAction":[{"@type":"ReadAction","target":["https:\/\/crimston.pl\/en\/product\/tequila-don-ramon-limited-edition-swarovski-extra-anejo\/"]}]},{"@type":"ImageObject","inLanguage":"en-US","@id":"https:\/\/crimston.pl\/en\/product\/tequila-don-ramon-limited-edition-swarovski-extra-anejo\/#primaryimage","url":"https:\/\/crimston.pl\/wp-content\/uploads\/2023\/10\/nraebsdfv.png","contentUrl":"https:\/\/crimston.pl\/wp-content\/uploads\/2023\/10\/nraebsdfv.png","width":6301,"height":6301,"caption":"Butelka i pude\u0142ko meksyka\u0144skiej tequili Casa Don Ram\u00f3n"},{"@type":"BreadcrumbList","@id":"https:\/\/crimston.pl\/en\/product\/tequila-don-ramon-limited-edition-swarovski-extra-anejo\/#breadcrumb","itemListElement":[{"@type":"ListItem","position":1,"name":"Home","item":"https:\/\/crimston.pl\/en\/"},{"@type":"ListItem","position":2,"name":"Spirits portfolio","item":"https:\/\/crimston.pl\/en\/spirits-portfolio\/"},{"@type":"ListItem","position":3,"name":"Tequila Don Ram\u00f3n Limited Edition Swarovski Extra A\u00f1ejo 750 ml \u2013 collector\u2019s edition"}]},{"@type":"WebSite","@id":"https:\/\/crimston.pl\/en\/#website","url":"https:\/\/crimston.pl\/en\/","name":"Crimston Spirits","description":"","publisher":{"@id":"https:\/\/crimston.pl\/en\/#organization"},"potentialAction":[{"@type":"SearchAction","target":{"@type":"EntryPoint","urlTemplate":"https:\/\/crimston.pl\/en\/?s={search_term_string}"},"query-input":{"@type":"PropertyValueSpecification","valueRequired":true,"valueName":"search_term_string"}}],"inLanguage":"en-US"},{"@type":"Organization","@id":"https:\/\/crimston.pl\/en\/#organization","name":"Crimston Spirits","url":"https:\/\/crimston.pl\/en\/","logo":{"@type":"ImageObject","inLanguage":"en-US","@id":"https:\/\/crimston.pl\/en\/#\/schema\/logo\/image\/","url":"https:\/\/crimston.pl\/wp-content\/uploads\/2019\/11\/crimston-logo-color.svg","contentUrl":"https:\/\/crimston.pl\/wp-content\/uploads\/2019\/11\/crimston-logo-color.svg","width":415,"height":29,"caption":"Crimston Spirits"},"image":{"@id":"https:\/\/crimston.pl\/en\/#\/schema\/logo\/image\/"}}]}},"uagb_featured_image_src":{"full":["https:\/\/crimston.pl\/wp-content\/uploads\/2023\/10\/nraebsdfv.png",6301,6301,false],"thumbnail":["https:\/\/crimston.pl\/wp-content\/uploads\/2023\/10\/nraebsdfv-150x150.png",150,150,true],"medium":["https:\/\/crimston.pl\/wp-content\/uploads\/2023\/10\/nraebsdfv-300x300.png",300,300,true],"medium_large":["https:\/\/crimston.pl\/wp-content\/uploads\/2023\/10\/nraebsdfv-768x768.png",640,640,true],"large":["https:\/\/crimston.pl\/wp-content\/uploads\/2023\/10\/nraebsdfv-1024x1024.png",640,640,true],"1536x1536":["https:\/\/crimston.pl\/wp-content\/uploads\/2023\/10\/nraebsdfv-1536x1536.png",1536,1536,true],"2048x2048":["https:\/\/crimston.pl\/wp-content\/uploads\/2023\/10\/nraebsdfv-2048x2048.png",2048,2048,true],"woocommerce_thumbnail":["https:\/\/crimston.pl\/wp-content\/uploads\/2023\/10\/nraebsdfv-300x300.png",300,300,true],"woocommerce_single":["https:\/\/crimston.pl\/wp-content\/uploads\/2023\/10\/nraebsdfv-600x600.png",600,600,true],"woocommerce_gallery_thumbnail":["https:\/\/crimston.pl\/wp-content\/uploads\/2023\/10\/nraebsdfv-150x150.png",150,150,true]},"uagb_author_info":{"display_name":"Kuba","author_link":"https:\/\/crimston.pl\/en\/author\/"},"uagb_comment_info":0,"uagb_excerpt":"Tequila Don Ramon Limited Edition Extra A\u00f1ejo is double-distilled and aged in oak barrels for three years resulting in an exquisitely smooth, complex taste and robust profile. Made from 100% Blue Agave from the highlands of Jalisco, Mexico, this copper toned elixir embodies the absolute art of fine tequila. A sip reveals a robust body&hellip;","_links":{"self":[{"href":"https:\/\/crimston.pl\/en\/wp-json\/wp\/v2\/product\/7376","targetHints":{"allow":["GET"]}}],"collection":[{"href":"https:\/\/crimston.pl\/en\/wp-json\/wp\/v2\/product"}],"about":[{"href":"https:\/\/crimston.pl\/en\/wp-json\/wp\/v2\/types\/product"}],"wp:featuredmedia":[{"embeddable":true,"href":"https:\/\/crimston.pl\/en\/wp-json\/wp\/v2\/media\/7378"}],"wp:attachment":[{"href":"https:\/\/crimston.pl\/en\/wp-json\/wp\/v2\/media?parent=7376"}],"wp:term":[{"taxonomy":"product_cat","embeddable":true,"href":"https:\/\/crimston.pl\/en\/wp-json\/wp\/v2\/product_cat?post=7376"},{"taxonomy":"product_tag","embeddable":true,"href":"https:\/\/crimston.pl\/en\/wp-json\/wp\/v2\/product_tag?post=7376"}],"curies":[{"name":"wp","href":"https:\/\/api.w.org\/{rel}","templated":true}]}}