{"id":7082,"date":"2023-10-10T10:45:33","date_gmt":"2023-10-10T08:45:34","guid":{"rendered":"https:\/\/crimston.pl\/?post_type=product&#038;p=7082"},"modified":"2026-02-06T10:07:18","modified_gmt":"2026-02-06T09:07:18","slug":"chateau-de-montifaud-reserve-speciale-catherine-vallet","status":"publish","type":"product","link":"https:\/\/crimston.pl\/en\/product\/chateau-de-montifaud-reserve-speciale-catherine-vallet\/","title":{"rendered":"Ch\u00e2teau de Montifuad Reserve Speciale Catherine Vallet 500 ml \u2013 gift box"},"content":{"rendered":"","protected":false},"excerpt":{"rendered":"<p><img decoding=\"async\" class=\"alignnone wp-image-6934 \" src=\"https:\/\/crimston.pl\/wp-content\/uploads\/2023\/09\/CHATEAU-MONTIFAUD-LOGO-1-300x187.png\" alt=\"\" width=\"196\" height=\"122\" srcset=\"https:\/\/crimston.pl\/wp-content\/uploads\/2023\/09\/CHATEAU-MONTIFAUD-LOGO-1-300x187.png 300w, https:\/\/crimston.pl\/wp-content\/uploads\/2023\/09\/CHATEAU-MONTIFAUD-LOGO-1-1024x637.png 1024w, https:\/\/crimston.pl\/wp-content\/uploads\/2023\/09\/CHATEAU-MONTIFAUD-LOGO-1-768x478.png 768w, https:\/\/crimston.pl\/wp-content\/uploads\/2023\/09\/CHATEAU-MONTIFAUD-LOGO-1-1536x956.png 1536w, https:\/\/crimston.pl\/wp-content\/uploads\/2023\/09\/CHATEAU-MONTIFAUD-LOGO-1-2048x1274.png 2048w, https:\/\/crimston.pl\/wp-content\/uploads\/2023\/09\/CHATEAU-MONTIFAUD-LOGO-1-600x373.png 600w, https:\/\/crimston.pl\/wp-content\/uploads\/2023\/09\/CHATEAU-MONTIFAUD-LOGO-1-150x93.png 150w, https:\/\/crimston.pl\/wp-content\/uploads\/2023\/09\/CHATEAU-MONTIFAUD-LOGO-1-64x40.png 64w\" sizes=\"(max-width: 196px) 100vw, 196px\" \/><\/p>\n<p>This blend is very floral with notes of vine flowers and jasmine. A cognac very round, mellow and smooth with a great complexity for a young cognac. A cognac that reflects Catherine&#8217;s personality: dynamic, subtle and delicate. Really easy to appreciate on a dessert or neat at 20\u00b0C. All aromas will seduce you progressively!<\/p>\n<p><strong>Grapes varieties<\/strong>: ugni-blanc mainly<\/p>\n<p><strong>Vineyard &amp; Soils<\/strong>: sustainable growing process, Petite Champagne chalky soil (limestone)<\/p>\n<p><strong>Ageing<\/strong>: ageing mainly in French Limousin Oak, 4 to 8 months in new casks and then several years in &#8216;roux&#8217; casks (older casks) in our own cellars<\/p>\n<p><strong>Filtration<\/strong>: very soft filtration to preserve a maximum of flavors and aromas&#8230;<\/p>\n<p class=\"more-wrap\"><a class=\"btn btn-secondary understrap-read-more-link\" href=\"https:\/\/crimston.pl\/en\/product\/chateau-de-montifaud-reserve-speciale-catherine-vallet\/\">more<\/a><\/p>\n","protected":false},"featured_media":7086,"template":"","meta":{"_acf_changed":false,"_uag_custom_page_level_css":"","inline_featured_image":false},"product_cat":[52],"product_tag":[385,433,578,429,435,434],"class_list":{"0":"post-7082","1":"product","2":"type-product","3":"status-publish","4":"has-post-thumbnail","6":"product_cat-all","7":"product_tag-alcohol-distribution","8":"product_tag-crimston-spirits-en","9":"product_tag-france","10":"product_tag-liquor-distributor","11":"product_tag-liquor-wholesale","12":"product_tag-luxury-spirit-brands","13":"brand-chateau-de-montifaud","15":"first","16":"instock","17":"taxable","18":"shipping-taxable","19":"purchasable","20":"product-type-simple"},"acf":[],"yoast_head":"<!-- This site is optimized with the Yoast SEO plugin v23.9 - https:\/\/yoast.com\/wordpress\/plugins\/seo\/ -->\n<title>Ch\u00e2teau de Montifaud R\u00e9serve Sp\u00e9ciale Catherine Vallet | Crimston Spirits<\/title>\n<meta name=\"description\" content=\"This is an exceptional blend from a vineyard owned by the Vallet family for six generations. Created in 2017 by Catherine Vallet&#039;s son in her honor.\" \/>\n<meta name=\"robots\" content=\"index, follow, max-snippet:-1, max-image-preview:large, max-video-preview:-1\" \/>\n<link rel=\"canonical\" href=\"https:\/\/crimston.pl\/en\/product\/chateau-de-montifaud-reserve-speciale-catherine-vallet\/\" \/>\n<meta property=\"og:locale\" content=\"en_US\" \/>\n<meta property=\"og:type\" content=\"article\" \/>\n<meta property=\"og:title\" content=\"Ch\u00e2teau de Montifaud R\u00e9serve Sp\u00e9ciale Catherine Vallet | Crimston Spirits\" \/>\n<meta property=\"og:description\" content=\"This is an exceptional blend from a vineyard owned by the Vallet family for six generations. Created in 2017 by Catherine Vallet&#039;s son in her honor.\" \/>\n<meta property=\"og:url\" content=\"https:\/\/crimston.pl\/en\/product\/chateau-de-montifaud-reserve-speciale-catherine-vallet\/\" \/>\n<meta property=\"og:site_name\" content=\"Crimston Spirits\" \/>\n<meta property=\"article:modified_time\" content=\"2026-02-06T09:07:18+00:00\" \/>\n<meta property=\"og:image\" content=\"https:\/\/crimston.pl\/wp-content\/uploads\/2023\/10\/CoffretCatherineVCaraf-1-1024x1024.png\" \/>\n\t<meta property=\"og:image:width\" content=\"1024\" \/>\n\t<meta property=\"og:image:height\" content=\"1024\" \/>\n\t<meta property=\"og:image:type\" content=\"image\/png\" \/>\n<meta name=\"twitter:card\" content=\"summary_large_image\" \/>\n<meta name=\"twitter:label1\" content=\"Est. reading time\" \/>\n\t<meta name=\"twitter:data1\" content=\"1 minute\" \/>\n<script type=\"application\/ld+json\" class=\"yoast-schema-graph\">{\"@context\":\"https:\/\/schema.org\",\"@graph\":[{\"@type\":\"WebPage\",\"@id\":\"https:\/\/crimston.pl\/en\/product\/chateau-de-montifaud-reserve-speciale-catherine-vallet\/\",\"url\":\"https:\/\/crimston.pl\/en\/product\/chateau-de-montifaud-reserve-speciale-catherine-vallet\/\",\"name\":\"Ch\u00e2teau de Montifaud R\u00e9serve Sp\u00e9ciale Catherine Vallet | Crimston Spirits\",\"isPartOf\":{\"@id\":\"https:\/\/crimston.pl\/en\/#website\"},\"primaryImageOfPage\":{\"@id\":\"https:\/\/crimston.pl\/en\/product\/chateau-de-montifaud-reserve-speciale-catherine-vallet\/#primaryimage\"},\"image\":{\"@id\":\"https:\/\/crimston.pl\/en\/product\/chateau-de-montifaud-reserve-speciale-catherine-vallet\/#primaryimage\"},\"thumbnailUrl\":\"https:\/\/crimston.pl\/wp-content\/uploads\/2023\/10\/CoffretCatherineVCaraf-1.png\",\"datePublished\":\"2023-10-10T08:45:34+00:00\",\"dateModified\":\"2026-02-06T09:07:18+00:00\",\"description\":\"This is an exceptional blend from a vineyard owned by the Vallet family for six generations. Created in 2017 by Catherine Vallet's son in her honor.\",\"breadcrumb\":{\"@id\":\"https:\/\/crimston.pl\/en\/product\/chateau-de-montifaud-reserve-speciale-catherine-vallet\/#breadcrumb\"},\"inLanguage\":\"en-US\",\"potentialAction\":[{\"@type\":\"ReadAction\",\"target\":[\"https:\/\/crimston.pl\/en\/product\/chateau-de-montifaud-reserve-speciale-catherine-vallet\/\"]}]},{\"@type\":\"ImageObject\",\"inLanguage\":\"en-US\",\"@id\":\"https:\/\/crimston.pl\/en\/product\/chateau-de-montifaud-reserve-speciale-catherine-vallet\/#primaryimage\",\"url\":\"https:\/\/crimston.pl\/wp-content\/uploads\/2023\/10\/CoffretCatherineVCaraf-1.png\",\"contentUrl\":\"https:\/\/crimston.pl\/wp-content\/uploads\/2023\/10\/CoffretCatherineVCaraf-1.png\",\"width\":5178,\"height\":5178,\"caption\":\"Butelka Ch\u00e2teau de Montifaud R\u00e9serve Sp\u00e9ciale Catherine Vallet\"},{\"@type\":\"BreadcrumbList\",\"@id\":\"https:\/\/crimston.pl\/en\/product\/chateau-de-montifaud-reserve-speciale-catherine-vallet\/#breadcrumb\",\"itemListElement\":[{\"@type\":\"ListItem\",\"position\":1,\"name\":\"Home\",\"item\":\"https:\/\/crimston.pl\/en\/\"},{\"@type\":\"ListItem\",\"position\":2,\"name\":\"Spirits portfolio\",\"item\":\"https:\/\/crimston.pl\/en\/spirits-portfolio\/\"},{\"@type\":\"ListItem\",\"position\":3,\"name\":\"Ch\u00e2teau de Montifuad Reserve Speciale Catherine Vallet 500 ml \u2013 gift box\"}]},{\"@type\":\"WebSite\",\"@id\":\"https:\/\/crimston.pl\/en\/#website\",\"url\":\"https:\/\/crimston.pl\/en\/\",\"name\":\"Crimston Spirits\",\"description\":\"\",\"publisher\":{\"@id\":\"https:\/\/crimston.pl\/en\/#organization\"},\"potentialAction\":[{\"@type\":\"SearchAction\",\"target\":{\"@type\":\"EntryPoint\",\"urlTemplate\":\"https:\/\/crimston.pl\/en\/?s={search_term_string}\"},\"query-input\":{\"@type\":\"PropertyValueSpecification\",\"valueRequired\":true,\"valueName\":\"search_term_string\"}}],\"inLanguage\":\"en-US\"},{\"@type\":\"Organization\",\"@id\":\"https:\/\/crimston.pl\/en\/#organization\",\"name\":\"Crimston Spirits\",\"url\":\"https:\/\/crimston.pl\/en\/\",\"logo\":{\"@type\":\"ImageObject\",\"inLanguage\":\"en-US\",\"@id\":\"https:\/\/crimston.pl\/en\/#\/schema\/logo\/image\/\",\"url\":\"https:\/\/crimston.pl\/wp-content\/uploads\/2019\/11\/crimston-logo-color.svg\",\"contentUrl\":\"https:\/\/crimston.pl\/wp-content\/uploads\/2019\/11\/crimston-logo-color.svg\",\"width\":415,\"height\":29,\"caption\":\"Crimston Spirits\"},\"image\":{\"@id\":\"https:\/\/crimston.pl\/en\/#\/schema\/logo\/image\/\"}}]}<\/script>\n<!-- \/ Yoast SEO plugin. -->","yoast_head_json":{"title":"Ch\u00e2teau de Montifaud R\u00e9serve Sp\u00e9ciale Catherine Vallet | Crimston Spirits","description":"This is an exceptional blend from a vineyard owned by the Vallet family for six generations. Created in 2017 by Catherine Vallet's son in her honor.","robots":{"index":"index","follow":"follow","max-snippet":"max-snippet:-1","max-image-preview":"max-image-preview:large","max-video-preview":"max-video-preview:-1"},"canonical":"https:\/\/crimston.pl\/en\/product\/chateau-de-montifaud-reserve-speciale-catherine-vallet\/","og_locale":"en_US","og_type":"article","og_title":"Ch\u00e2teau de Montifaud R\u00e9serve Sp\u00e9ciale Catherine Vallet | Crimston Spirits","og_description":"This is an exceptional blend from a vineyard owned by the Vallet family for six generations. Created in 2017 by Catherine Vallet's son in her honor.","og_url":"https:\/\/crimston.pl\/en\/product\/chateau-de-montifaud-reserve-speciale-catherine-vallet\/","og_site_name":"Crimston Spirits","article_modified_time":"2026-02-06T09:07:18+00:00","og_image":[{"width":1024,"height":1024,"url":"https:\/\/crimston.pl\/wp-content\/uploads\/2023\/10\/CoffretCatherineVCaraf-1-1024x1024.png","type":"image\/png"}],"twitter_card":"summary_large_image","twitter_misc":{"Est. reading time":"1 minute"},"schema":{"@context":"https:\/\/schema.org","@graph":[{"@type":"WebPage","@id":"https:\/\/crimston.pl\/en\/product\/chateau-de-montifaud-reserve-speciale-catherine-vallet\/","url":"https:\/\/crimston.pl\/en\/product\/chateau-de-montifaud-reserve-speciale-catherine-vallet\/","name":"Ch\u00e2teau de Montifaud R\u00e9serve Sp\u00e9ciale Catherine Vallet | Crimston Spirits","isPartOf":{"@id":"https:\/\/crimston.pl\/en\/#website"},"primaryImageOfPage":{"@id":"https:\/\/crimston.pl\/en\/product\/chateau-de-montifaud-reserve-speciale-catherine-vallet\/#primaryimage"},"image":{"@id":"https:\/\/crimston.pl\/en\/product\/chateau-de-montifaud-reserve-speciale-catherine-vallet\/#primaryimage"},"thumbnailUrl":"https:\/\/crimston.pl\/wp-content\/uploads\/2023\/10\/CoffretCatherineVCaraf-1.png","datePublished":"2023-10-10T08:45:34+00:00","dateModified":"2026-02-06T09:07:18+00:00","description":"This is an exceptional blend from a vineyard owned by the Vallet family for six generations. Created in 2017 by Catherine Vallet's son in her honor.","breadcrumb":{"@id":"https:\/\/crimston.pl\/en\/product\/chateau-de-montifaud-reserve-speciale-catherine-vallet\/#breadcrumb"},"inLanguage":"en-US","potentialAction":[{"@type":"ReadAction","target":["https:\/\/crimston.pl\/en\/product\/chateau-de-montifaud-reserve-speciale-catherine-vallet\/"]}]},{"@type":"ImageObject","inLanguage":"en-US","@id":"https:\/\/crimston.pl\/en\/product\/chateau-de-montifaud-reserve-speciale-catherine-vallet\/#primaryimage","url":"https:\/\/crimston.pl\/wp-content\/uploads\/2023\/10\/CoffretCatherineVCaraf-1.png","contentUrl":"https:\/\/crimston.pl\/wp-content\/uploads\/2023\/10\/CoffretCatherineVCaraf-1.png","width":5178,"height":5178,"caption":"Butelka Ch\u00e2teau de Montifaud R\u00e9serve Sp\u00e9ciale Catherine Vallet"},{"@type":"BreadcrumbList","@id":"https:\/\/crimston.pl\/en\/product\/chateau-de-montifaud-reserve-speciale-catherine-vallet\/#breadcrumb","itemListElement":[{"@type":"ListItem","position":1,"name":"Home","item":"https:\/\/crimston.pl\/en\/"},{"@type":"ListItem","position":2,"name":"Spirits portfolio","item":"https:\/\/crimston.pl\/en\/spirits-portfolio\/"},{"@type":"ListItem","position":3,"name":"Ch\u00e2teau de Montifuad Reserve Speciale Catherine Vallet 500 ml \u2013 gift box"}]},{"@type":"WebSite","@id":"https:\/\/crimston.pl\/en\/#website","url":"https:\/\/crimston.pl\/en\/","name":"Crimston Spirits","description":"","publisher":{"@id":"https:\/\/crimston.pl\/en\/#organization"},"potentialAction":[{"@type":"SearchAction","target":{"@type":"EntryPoint","urlTemplate":"https:\/\/crimston.pl\/en\/?s={search_term_string}"},"query-input":{"@type":"PropertyValueSpecification","valueRequired":true,"valueName":"search_term_string"}}],"inLanguage":"en-US"},{"@type":"Organization","@id":"https:\/\/crimston.pl\/en\/#organization","name":"Crimston Spirits","url":"https:\/\/crimston.pl\/en\/","logo":{"@type":"ImageObject","inLanguage":"en-US","@id":"https:\/\/crimston.pl\/en\/#\/schema\/logo\/image\/","url":"https:\/\/crimston.pl\/wp-content\/uploads\/2019\/11\/crimston-logo-color.svg","contentUrl":"https:\/\/crimston.pl\/wp-content\/uploads\/2019\/11\/crimston-logo-color.svg","width":415,"height":29,"caption":"Crimston Spirits"},"image":{"@id":"https:\/\/crimston.pl\/en\/#\/schema\/logo\/image\/"}}]}},"uagb_featured_image_src":{"full":["https:\/\/crimston.pl\/wp-content\/uploads\/2023\/10\/CoffretCatherineVCaraf-1.png",5178,5178,false],"thumbnail":["https:\/\/crimston.pl\/wp-content\/uploads\/2023\/10\/CoffretCatherineVCaraf-1-150x150.png",150,150,true],"medium":["https:\/\/crimston.pl\/wp-content\/uploads\/2023\/10\/CoffretCatherineVCaraf-1-300x300.png",300,300,true],"medium_large":["https:\/\/crimston.pl\/wp-content\/uploads\/2023\/10\/CoffretCatherineVCaraf-1-768x768.png",640,640,true],"large":["https:\/\/crimston.pl\/wp-content\/uploads\/2023\/10\/CoffretCatherineVCaraf-1-1024x1024.png",640,640,true],"1536x1536":["https:\/\/crimston.pl\/wp-content\/uploads\/2023\/10\/CoffretCatherineVCaraf-1-1536x1536.png",1536,1536,true],"2048x2048":["https:\/\/crimston.pl\/wp-content\/uploads\/2023\/10\/CoffretCatherineVCaraf-1-2048x2048.png",2048,2048,true],"woocommerce_thumbnail":["https:\/\/crimston.pl\/wp-content\/uploads\/2023\/10\/CoffretCatherineVCaraf-1-300x300.png",300,300,true],"woocommerce_single":["https:\/\/crimston.pl\/wp-content\/uploads\/2023\/10\/CoffretCatherineVCaraf-1-600x600.png",600,600,true],"woocommerce_gallery_thumbnail":["https:\/\/crimston.pl\/wp-content\/uploads\/2023\/10\/CoffretCatherineVCaraf-1-150x150.png",150,150,true]},"uagb_author_info":{"display_name":"Kuba","author_link":"https:\/\/crimston.pl\/en\/author\/"},"uagb_comment_info":0,"uagb_excerpt":"This blend is very floral with notes of vine flowers and jasmine. A cognac very round, mellow and smooth with a great complexity for a young cognac. A cognac that reflects Catherine's personality: dynamic, subtle and delicate. Really easy to appreciate on a dessert or neat at 20\u00b0C. All aromas will seduce you progressively! Grapes&hellip;","_links":{"self":[{"href":"https:\/\/crimston.pl\/en\/wp-json\/wp\/v2\/product\/7082","targetHints":{"allow":["GET"]}}],"collection":[{"href":"https:\/\/crimston.pl\/en\/wp-json\/wp\/v2\/product"}],"about":[{"href":"https:\/\/crimston.pl\/en\/wp-json\/wp\/v2\/types\/product"}],"wp:featuredmedia":[{"embeddable":true,"href":"https:\/\/crimston.pl\/en\/wp-json\/wp\/v2\/media\/7086"}],"wp:attachment":[{"href":"https:\/\/crimston.pl\/en\/wp-json\/wp\/v2\/media?parent=7082"}],"wp:term":[{"taxonomy":"product_cat","embeddable":true,"href":"https:\/\/crimston.pl\/en\/wp-json\/wp\/v2\/product_cat?post=7082"},{"taxonomy":"product_tag","embeddable":true,"href":"https:\/\/crimston.pl\/en\/wp-json\/wp\/v2\/product_tag?post=7082"}],"curies":[{"name":"wp","href":"https:\/\/api.w.org\/{rel}","templated":true}]}}