{"id":6469,"date":"2023-02-23T17:21:09","date_gmt":"2023-02-23T16:21:09","guid":{"rendered":"https:\/\/crimston.pl\/?post_type=product&#038;p=6469"},"modified":"2023-05-31T17:43:33","modified_gmt":"2023-05-31T15:43:33","slug":"thomas-henry-pink-grapefruit-02l","status":"publish","type":"product","link":"https:\/\/crimston.pl\/en\/produkt\/thomas-henry-pink-grapefruit-02l\/","title":{"rendered":"Thomas Henry Pink Grapefruit 0,2l"},"content":{"rendered":"","protected":false},"excerpt":{"rendered":"<p>Dzi\u0119ki Thomas Henry, ka\u017cdy drink staje si\u0119 podr\u00f3\u017c\u0105 do wyznaczaj\u0105cej trendy miejskiej kultury barowej! Od 2010 roku marka ta jest synonimem innowacyjnego i kreatywnego barma\u0144stwa w najlepszym wydaniu. Od swoich pocz\u0105tk\u00f3w w nowoczesnej metropolii Berlina, Thomas Henry rozszerzy\u0142 swoj\u0105 dzia\u0142alno\u015b\u0107 na ponad 50 kraj\u00f3w na ca\u0142ym \u015bwiecie, inspiruj\u0105c zar\u00f3wno barman\u00f3w, jak i entuzjast\u00f3w drink\u00f3w i szeroko poj\u0119tej miksologii.<\/p>\n<p>Thomas Henry Pink Grapefruit to owocowy trendsetter na letnie do\u015bwiadczenia koktajlowe! Orze\u017awiaj\u0105co cierpka, owocowa lemoniada grejpfrutowa to klasyk z Karaib\u00f3w, kt\u00f3ry doskonale \u0142\u0105czy si\u0119 z alkoholami wysokiej jako\u015bci. Kwa\u015bna, owocowa i musuj\u0105ca lemoniada o s\u0142odko-kwa\u015bnym aromacie grejpfruta i lekkiej, przyjemnie s\u0142onej nucie na finiszu.<\/p>\n<p>Najwa\u017cniejsze cechy produktu to: niezwyk\u0142e wsp\u00f3\u0142granie cierpkich, owocowych, s\u0142onych i orze\u017awiaj\u0105cych nut smakowych, doskona\u0142y dodatek do wariant\u00f3w koktajli Paloma i aromatycznych alkoholi oraz jako\u015b premium z naturalnymi sk\u0142adnikami.<\/p>\n<p>Najlepiej \u0142\u0105czy si\u0119 z tequil\u0105, mezcalem, rumem i w\u00f3dk\u0105.<\/p>\n<p>Poznaj r\u00f3wnie\u017c inne wersje smakowe Thomas Henry:<\/p>\n<ul>\n<li>Thomas Henry Tonic Water<\/li>\n<li>Thomas Henry Dry Tonic<\/li>\n<li>Thomas Henry Cherry Blossom Tonic<\/li>\n<li>Thomas Henry Botanical Tonic<\/li>\n<li>Thomas Henry Spicy Ginger Beer<\/li>\n<li>Thomas Henry Mystic Mango<\/li>\n<li>Thomas Henry Ginger Ale<\/li>\n<li>Thomas Henry Bitter Lemon<\/li>\n<\/ul>\n<hr \/>\n<p><strong>JAK ZAM\u00d3WI\u0106 PRODUKT?<\/strong><\/p>\n<p>Thomas Henry Pink Grapefruit w sprzeda\u017cy detalicznej jest obecnie dost\u0119pny z opcj\u0105 wysy\u0142ki kurierem lub odbiorem osobistym w siedzibie firmy przy Al. Jerozolimskich 123A w Warszawie. Odbi\u00f3r osobisty mo\u017cliwy jest wy\u0142\u0105cznie po wcze\u015bniejszym z\u0142o\u017ceniu zam\u00f3wienia i ustaleniu terminu odbioru. W celu zam\u00f3wienia produkt\u00f3w (zam\u00f3wienia detaliczne oraz hurtowe), prosimy o kontakt mailowy aleksander.g@crimston.pl lub telefoniczny +48 512 569 456&#8230;.<\/p>\n<p class=\"more-wrap\"><a class=\"btn btn-secondary understrap-read-more-link\" href=\"https:\/\/crimston.pl\/en\/produkt\/thomas-henry-pink-grapefruit-02l\/\">more<\/a><\/p>\n","protected":false},"featured_media":6453,"template":"","meta":{"_acf_changed":false,"_uag_custom_page_level_css":"","inline_featured_image":false},"product_cat":[320],"product_tag":[786,418,1194,1190,813,1201,1206,1187,1205,1188,1191,1193,1192,1189],"class_list":{"0":"post-6469","1":"product","2":"type-product","3":"status-publish","4":"has-post-thumbnail","6":"product_cat-napoje","7":"product_tag-aperitif","8":"product_tag-aperitivo","9":"product_tag-dry-tonic","10":"product_tag-dystrybucja-napojow-bezalkoholowych","11":"product_tag-gin-tonic","12":"product_tag-lemoniada","13":"product_tag-rozowy-grejpfrut","14":"product_tag-thomas-henry","15":"product_tag-thomas-henry-pink-grapefruit","16":"product_tag-thomas-henry-tonic","17":"product_tag-tonic","18":"product_tag-tonic-premium","19":"product_tag-tonic-water","20":"product_tag-tonik","21":"brand-thomas-henry","23":"first","24":"instock","25":"taxable","26":"shipping-taxable","27":"purchasable","28":"product-type-simple"},"acf":[],"yoast_head":"<!-- This site is optimized with the Yoast SEO plugin v23.9 - https:\/\/yoast.com\/wordpress\/plugins\/seo\/ -->\n<title>Thomas Henry Pink Grapefruit 0,2l - Crimston Spirits | Dystrybutor<\/title>\n<meta name=\"robots\" content=\"index, follow, max-snippet:-1, max-image-preview:large, max-video-preview:-1\" \/>\n<link rel=\"canonical\" href=\"https:\/\/crimston.pl\/en\/produkt\/thomas-henry-pink-grapefruit-02l\/\" \/>\n<meta property=\"og:locale\" content=\"en_US\" \/>\n<meta property=\"og:type\" content=\"article\" \/>\n<meta property=\"og:title\" content=\"Thomas Henry Pink Grapefruit 0,2l - Crimston Spirits | Dystrybutor\" \/>\n<meta property=\"og:description\" content=\"Dzi\u0119ki Thomas Henry, ka\u017cdy drink staje si\u0119 podr\u00f3\u017c\u0105 do wyznaczaj\u0105cej trendy miejskiej kultury barowej! Od 2010 roku marka ta jest synonimem innowacyjnego i kreatywnego barma\u0144stwa w najlepszym wydaniu. Od swoich pocz\u0105tk\u00f3w w nowoczesnej metropolii Berlina, Thomas Henry rozszerzy\u0142 swoj\u0105 dzia\u0142alno\u015b\u0107 na ponad 50 kraj\u00f3w na ca\u0142ym \u015bwiecie, inspiruj\u0105c zar\u00f3wno barman\u00f3w, jak i entuzjast\u00f3w drink\u00f3w i szeroko poj\u0119tej miksologii.  Thomas Henry Pink Grapefruit to owocowy trendsetter na letnie do\u015bwiadczenia koktajlowe! Orze\u017awiaj\u0105co cierpka, owocowa lemoniada grejpfrutowa to klasyk z Karaib\u00f3w, kt\u00f3ry doskonale \u0142\u0105czy si\u0119 z alkoholami wysokiej jako\u015bci. Kwa\u015bna, owocowa i musuj\u0105ca lemoniada o s\u0142odko-kwa\u015bnym aromacie grejpfruta i lekkiej, przyjemnie s\u0142onej nucie na finiszu.  Najwa\u017cniejsze cechy produktu to: niezwyk\u0142e wsp\u00f3\u0142granie cierpkich, owocowych, s\u0142onych i orze\u017awiaj\u0105cych nut smakowych, doskona\u0142y dodatek do wariant\u00f3w koktajli Paloma i aromatycznych alkoholi oraz jako\u015b premium z naturalnymi sk\u0142adnikami.  Najlepiej \u0142\u0105czy si\u0119 z tequil\u0105, mezcalem, rumem i w\u00f3dk\u0105.  Poznaj r\u00f3wnie\u017c inne wersje smakowe Thomas Henry:   Thomas Henry Tonic Water  Thomas Henry Dry Tonic  Thomas Henry Cherry Blossom Tonic  Thomas Henry Botanical Tonic  Thomas Henry Spicy Ginger Beer  Thomas Henry Mystic Mango  Thomas Henry Ginger Ale  Thomas Henry Bitter Lemon     JAK ZAM\u00d3WI\u0106 PRODUKT?  Thomas Henry Pink Grapefruit w sprzeda\u017cy detalicznej jest obecnie dost\u0119pny z opcj\u0105 wysy\u0142ki kurierem lub odbiorem osobistym w siedzibie firmy przy Al. Jerozolimskich 123A w Warszawie. Odbi\u00f3r osobisty mo\u017cliwy jest wy\u0142\u0105cznie po wcze\u015bniejszym z\u0142o\u017ceniu zam\u00f3wienia i ustaleniu terminu odbioru. W celu zam\u00f3wienia produkt\u00f3w (zam\u00f3wienia detaliczne oraz hurtowe), prosimy o kontakt mailowy aleksander.g@crimston.pl lub telefoniczny +48 512 569 456....more\" \/>\n<meta property=\"og:url\" content=\"https:\/\/crimston.pl\/en\/produkt\/thomas-henry-pink-grapefruit-02l\/\" \/>\n<meta property=\"og:site_name\" content=\"Crimston Spirits\" \/>\n<meta property=\"article:modified_time\" content=\"2023-05-31T15:43:33+00:00\" \/>\n<meta property=\"og:image\" content=\"https:\/\/crimston.pl\/wp-content\/uploads\/2023\/02\/thomas-henry-pink-grapefruit-02l.png\" \/>\n\t<meta property=\"og:image:width\" content=\"521\" \/>\n\t<meta property=\"og:image:height\" content=\"833\" \/>\n\t<meta property=\"og:image:type\" content=\"image\/png\" \/>\n<meta name=\"twitter:card\" content=\"summary_large_image\" \/>\n<script type=\"application\/ld+json\" class=\"yoast-schema-graph\">{\"@context\":\"https:\/\/schema.org\",\"@graph\":[{\"@type\":\"WebPage\",\"@id\":\"https:\/\/crimston.pl\/en\/produkt\/thomas-henry-pink-grapefruit-02l\/\",\"url\":\"https:\/\/crimston.pl\/en\/produkt\/thomas-henry-pink-grapefruit-02l\/\",\"name\":\"Thomas Henry Pink Grapefruit 0,2l - Crimston Spirits | Dystrybutor\",\"isPartOf\":{\"@id\":\"https:\/\/crimston.pl\/en\/#website\"},\"primaryImageOfPage\":{\"@id\":\"https:\/\/crimston.pl\/en\/produkt\/thomas-henry-pink-grapefruit-02l\/#primaryimage\"},\"image\":{\"@id\":\"https:\/\/crimston.pl\/en\/produkt\/thomas-henry-pink-grapefruit-02l\/#primaryimage\"},\"thumbnailUrl\":\"https:\/\/crimston.pl\/wp-content\/uploads\/2023\/02\/thomas-henry-pink-grapefruit-02l.png\",\"datePublished\":\"2023-02-23T16:21:09+00:00\",\"dateModified\":\"2023-05-31T15:43:33+00:00\",\"breadcrumb\":{\"@id\":\"https:\/\/crimston.pl\/en\/produkt\/thomas-henry-pink-grapefruit-02l\/#breadcrumb\"},\"inLanguage\":\"en-US\",\"potentialAction\":[{\"@type\":\"ReadAction\",\"target\":[\"https:\/\/crimston.pl\/en\/produkt\/thomas-henry-pink-grapefruit-02l\/\"]}]},{\"@type\":\"ImageObject\",\"inLanguage\":\"en-US\",\"@id\":\"https:\/\/crimston.pl\/en\/produkt\/thomas-henry-pink-grapefruit-02l\/#primaryimage\",\"url\":\"https:\/\/crimston.pl\/wp-content\/uploads\/2023\/02\/thomas-henry-pink-grapefruit-02l.png\",\"contentUrl\":\"https:\/\/crimston.pl\/wp-content\/uploads\/2023\/02\/thomas-henry-pink-grapefruit-02l.png\",\"width\":521,\"height\":833,\"caption\":\"Thomas Henry Pink Grapferuit\"},{\"@type\":\"BreadcrumbList\",\"@id\":\"https:\/\/crimston.pl\/en\/produkt\/thomas-henry-pink-grapefruit-02l\/#breadcrumb\",\"itemListElement\":[{\"@type\":\"ListItem\",\"position\":1,\"name\":\"Home\",\"item\":\"https:\/\/crimston.pl\/en\/\"},{\"@type\":\"ListItem\",\"position\":2,\"name\":\"Spirits portfolio\",\"item\":\"https:\/\/crimston.pl\/en\/spirits-portfolio\/\"},{\"@type\":\"ListItem\",\"position\":3,\"name\":\"Thomas Henry Pink Grapefruit 0,2l\"}]},{\"@type\":\"WebSite\",\"@id\":\"https:\/\/crimston.pl\/en\/#website\",\"url\":\"https:\/\/crimston.pl\/en\/\",\"name\":\"Crimston Spirits\",\"description\":\"\",\"publisher\":{\"@id\":\"https:\/\/crimston.pl\/en\/#organization\"},\"potentialAction\":[{\"@type\":\"SearchAction\",\"target\":{\"@type\":\"EntryPoint\",\"urlTemplate\":\"https:\/\/crimston.pl\/en\/?s={search_term_string}\"},\"query-input\":{\"@type\":\"PropertyValueSpecification\",\"valueRequired\":true,\"valueName\":\"search_term_string\"}}],\"inLanguage\":\"en-US\"},{\"@type\":\"Organization\",\"@id\":\"https:\/\/crimston.pl\/en\/#organization\",\"name\":\"Crimston Spirits\",\"url\":\"https:\/\/crimston.pl\/en\/\",\"logo\":{\"@type\":\"ImageObject\",\"inLanguage\":\"en-US\",\"@id\":\"https:\/\/crimston.pl\/en\/#\/schema\/logo\/image\/\",\"url\":\"https:\/\/crimston.pl\/wp-content\/uploads\/2019\/11\/crimston-logo-color.svg\",\"contentUrl\":\"https:\/\/crimston.pl\/wp-content\/uploads\/2019\/11\/crimston-logo-color.svg\",\"width\":415,\"height\":29,\"caption\":\"Crimston Spirits\"},\"image\":{\"@id\":\"https:\/\/crimston.pl\/en\/#\/schema\/logo\/image\/\"}}]}<\/script>\n<!-- \/ Yoast SEO plugin. -->","yoast_head_json":{"title":"Thomas Henry Pink Grapefruit 0,2l - Crimston Spirits | Dystrybutor","robots":{"index":"index","follow":"follow","max-snippet":"max-snippet:-1","max-image-preview":"max-image-preview:large","max-video-preview":"max-video-preview:-1"},"canonical":"https:\/\/crimston.pl\/en\/produkt\/thomas-henry-pink-grapefruit-02l\/","og_locale":"en_US","og_type":"article","og_title":"Thomas Henry Pink Grapefruit 0,2l - Crimston Spirits | Dystrybutor","og_description":"Dzi\u0119ki Thomas Henry, ka\u017cdy drink staje si\u0119 podr\u00f3\u017c\u0105 do wyznaczaj\u0105cej trendy miejskiej kultury barowej! Od 2010 roku marka ta jest synonimem innowacyjnego i kreatywnego barma\u0144stwa w najlepszym wydaniu. Od swoich pocz\u0105tk\u00f3w w nowoczesnej metropolii Berlina, Thomas Henry rozszerzy\u0142 swoj\u0105 dzia\u0142alno\u015b\u0107 na ponad 50 kraj\u00f3w na ca\u0142ym \u015bwiecie, inspiruj\u0105c zar\u00f3wno barman\u00f3w, jak i entuzjast\u00f3w drink\u00f3w i szeroko poj\u0119tej miksologii.  Thomas Henry Pink Grapefruit to owocowy trendsetter na letnie do\u015bwiadczenia koktajlowe! Orze\u017awiaj\u0105co cierpka, owocowa lemoniada grejpfrutowa to klasyk z Karaib\u00f3w, kt\u00f3ry doskonale \u0142\u0105czy si\u0119 z alkoholami wysokiej jako\u015bci. Kwa\u015bna, owocowa i musuj\u0105ca lemoniada o s\u0142odko-kwa\u015bnym aromacie grejpfruta i lekkiej, przyjemnie s\u0142onej nucie na finiszu.  Najwa\u017cniejsze cechy produktu to: niezwyk\u0142e wsp\u00f3\u0142granie cierpkich, owocowych, s\u0142onych i orze\u017awiaj\u0105cych nut smakowych, doskona\u0142y dodatek do wariant\u00f3w koktajli Paloma i aromatycznych alkoholi oraz jako\u015b premium z naturalnymi sk\u0142adnikami.  Najlepiej \u0142\u0105czy si\u0119 z tequil\u0105, mezcalem, rumem i w\u00f3dk\u0105.  Poznaj r\u00f3wnie\u017c inne wersje smakowe Thomas Henry:   Thomas Henry Tonic Water  Thomas Henry Dry Tonic  Thomas Henry Cherry Blossom Tonic  Thomas Henry Botanical Tonic  Thomas Henry Spicy Ginger Beer  Thomas Henry Mystic Mango  Thomas Henry Ginger Ale  Thomas Henry Bitter Lemon     JAK ZAM\u00d3WI\u0106 PRODUKT?  Thomas Henry Pink Grapefruit w sprzeda\u017cy detalicznej jest obecnie dost\u0119pny z opcj\u0105 wysy\u0142ki kurierem lub odbiorem osobistym w siedzibie firmy przy Al. Jerozolimskich 123A w Warszawie. Odbi\u00f3r osobisty mo\u017cliwy jest wy\u0142\u0105cznie po wcze\u015bniejszym z\u0142o\u017ceniu zam\u00f3wienia i ustaleniu terminu odbioru. W celu zam\u00f3wienia produkt\u00f3w (zam\u00f3wienia detaliczne oraz hurtowe), prosimy o kontakt mailowy aleksander.g@crimston.pl lub telefoniczny +48 512 569 456....more","og_url":"https:\/\/crimston.pl\/en\/produkt\/thomas-henry-pink-grapefruit-02l\/","og_site_name":"Crimston Spirits","article_modified_time":"2023-05-31T15:43:33+00:00","og_image":[{"width":521,"height":833,"url":"https:\/\/crimston.pl\/wp-content\/uploads\/2023\/02\/thomas-henry-pink-grapefruit-02l.png","type":"image\/png"}],"twitter_card":"summary_large_image","schema":{"@context":"https:\/\/schema.org","@graph":[{"@type":"WebPage","@id":"https:\/\/crimston.pl\/en\/produkt\/thomas-henry-pink-grapefruit-02l\/","url":"https:\/\/crimston.pl\/en\/produkt\/thomas-henry-pink-grapefruit-02l\/","name":"Thomas Henry Pink Grapefruit 0,2l - Crimston Spirits | Dystrybutor","isPartOf":{"@id":"https:\/\/crimston.pl\/en\/#website"},"primaryImageOfPage":{"@id":"https:\/\/crimston.pl\/en\/produkt\/thomas-henry-pink-grapefruit-02l\/#primaryimage"},"image":{"@id":"https:\/\/crimston.pl\/en\/produkt\/thomas-henry-pink-grapefruit-02l\/#primaryimage"},"thumbnailUrl":"https:\/\/crimston.pl\/wp-content\/uploads\/2023\/02\/thomas-henry-pink-grapefruit-02l.png","datePublished":"2023-02-23T16:21:09+00:00","dateModified":"2023-05-31T15:43:33+00:00","breadcrumb":{"@id":"https:\/\/crimston.pl\/en\/produkt\/thomas-henry-pink-grapefruit-02l\/#breadcrumb"},"inLanguage":"en-US","potentialAction":[{"@type":"ReadAction","target":["https:\/\/crimston.pl\/en\/produkt\/thomas-henry-pink-grapefruit-02l\/"]}]},{"@type":"ImageObject","inLanguage":"en-US","@id":"https:\/\/crimston.pl\/en\/produkt\/thomas-henry-pink-grapefruit-02l\/#primaryimage","url":"https:\/\/crimston.pl\/wp-content\/uploads\/2023\/02\/thomas-henry-pink-grapefruit-02l.png","contentUrl":"https:\/\/crimston.pl\/wp-content\/uploads\/2023\/02\/thomas-henry-pink-grapefruit-02l.png","width":521,"height":833,"caption":"Thomas Henry Pink Grapferuit"},{"@type":"BreadcrumbList","@id":"https:\/\/crimston.pl\/en\/produkt\/thomas-henry-pink-grapefruit-02l\/#breadcrumb","itemListElement":[{"@type":"ListItem","position":1,"name":"Home","item":"https:\/\/crimston.pl\/en\/"},{"@type":"ListItem","position":2,"name":"Spirits portfolio","item":"https:\/\/crimston.pl\/en\/spirits-portfolio\/"},{"@type":"ListItem","position":3,"name":"Thomas Henry Pink Grapefruit 0,2l"}]},{"@type":"WebSite","@id":"https:\/\/crimston.pl\/en\/#website","url":"https:\/\/crimston.pl\/en\/","name":"Crimston Spirits","description":"","publisher":{"@id":"https:\/\/crimston.pl\/en\/#organization"},"potentialAction":[{"@type":"SearchAction","target":{"@type":"EntryPoint","urlTemplate":"https:\/\/crimston.pl\/en\/?s={search_term_string}"},"query-input":{"@type":"PropertyValueSpecification","valueRequired":true,"valueName":"search_term_string"}}],"inLanguage":"en-US"},{"@type":"Organization","@id":"https:\/\/crimston.pl\/en\/#organization","name":"Crimston Spirits","url":"https:\/\/crimston.pl\/en\/","logo":{"@type":"ImageObject","inLanguage":"en-US","@id":"https:\/\/crimston.pl\/en\/#\/schema\/logo\/image\/","url":"https:\/\/crimston.pl\/wp-content\/uploads\/2019\/11\/crimston-logo-color.svg","contentUrl":"https:\/\/crimston.pl\/wp-content\/uploads\/2019\/11\/crimston-logo-color.svg","width":415,"height":29,"caption":"Crimston Spirits"},"image":{"@id":"https:\/\/crimston.pl\/en\/#\/schema\/logo\/image\/"}}]}},"uagb_featured_image_src":{"full":["https:\/\/crimston.pl\/wp-content\/uploads\/2023\/02\/thomas-henry-pink-grapefruit-02l.png",521,833,false],"thumbnail":["https:\/\/crimston.pl\/wp-content\/uploads\/2023\/02\/thomas-henry-pink-grapefruit-02l-150x150.png",150,150,true],"medium":["https:\/\/crimston.pl\/wp-content\/uploads\/2023\/02\/thomas-henry-pink-grapefruit-02l-188x300.png",188,300,true],"medium_large":["https:\/\/crimston.pl\/wp-content\/uploads\/2023\/02\/thomas-henry-pink-grapefruit-02l.png",521,833,false],"large":["https:\/\/crimston.pl\/wp-content\/uploads\/2023\/02\/thomas-henry-pink-grapefruit-02l.png",521,833,false],"1536x1536":["https:\/\/crimston.pl\/wp-content\/uploads\/2023\/02\/thomas-henry-pink-grapefruit-02l.png",521,833,false],"2048x2048":["https:\/\/crimston.pl\/wp-content\/uploads\/2023\/02\/thomas-henry-pink-grapefruit-02l.png",521,833,false],"woocommerce_thumbnail":["https:\/\/crimston.pl\/wp-content\/uploads\/2023\/02\/thomas-henry-pink-grapefruit-02l-300x480.png",300,480,true],"woocommerce_single":["https:\/\/crimston.pl\/wp-content\/uploads\/2023\/02\/thomas-henry-pink-grapefruit-02l.png",521,833,false],"woocommerce_gallery_thumbnail":["https:\/\/crimston.pl\/wp-content\/uploads\/2023\/02\/thomas-henry-pink-grapefruit-02l-150x240.png",150,240,true]},"uagb_author_info":{"display_name":"Magda","author_link":"https:\/\/crimston.pl\/en\/author\/"},"uagb_comment_info":0,"uagb_excerpt":"Dzi\u0119ki Thomas Henry, ka\u017cdy drink staje si\u0119 podr\u00f3\u017c\u0105 do wyznaczaj\u0105cej trendy miejskiej kultury barowej! Od 2010 roku marka ta jest synonimem innowacyjnego i kreatywnego barma\u0144stwa w najlepszym wydaniu. Od swoich pocz\u0105tk\u00f3w w nowoczesnej metropolii Berlina, Thomas Henry rozszerzy\u0142 swoj\u0105 dzia\u0142alno\u015b\u0107 na ponad 50 kraj\u00f3w na ca\u0142ym \u015bwiecie, inspiruj\u0105c zar\u00f3wno barman\u00f3w, jak i entuzjast\u00f3w drink\u00f3w i&hellip;","_links":{"self":[{"href":"https:\/\/crimston.pl\/en\/wp-json\/wp\/v2\/product\/6469","targetHints":{"allow":["GET"]}}],"collection":[{"href":"https:\/\/crimston.pl\/en\/wp-json\/wp\/v2\/product"}],"about":[{"href":"https:\/\/crimston.pl\/en\/wp-json\/wp\/v2\/types\/product"}],"wp:featuredmedia":[{"embeddable":true,"href":"https:\/\/crimston.pl\/en\/wp-json\/wp\/v2\/media\/6453"}],"wp:attachment":[{"href":"https:\/\/crimston.pl\/en\/wp-json\/wp\/v2\/media?parent=6469"}],"wp:term":[{"taxonomy":"product_cat","embeddable":true,"href":"https:\/\/crimston.pl\/en\/wp-json\/wp\/v2\/product_cat?post=6469"},{"taxonomy":"product_tag","embeddable":true,"href":"https:\/\/crimston.pl\/en\/wp-json\/wp\/v2\/product_tag?post=6469"}],"curies":[{"name":"wp","href":"https:\/\/api.w.org\/{rel}","templated":true}]}}