{"id":6464,"date":"2023-02-23T16:12:50","date_gmt":"2023-02-23T15:12:50","guid":{"rendered":"https:\/\/crimston.pl\/?post_type=product&#038;p=6464"},"modified":"2023-05-31T17:40:08","modified_gmt":"2023-05-31T15:40:08","slug":"thomas-henry-bitter-lemon-02l","status":"publish","type":"product","link":"https:\/\/crimston.pl\/en\/produkt\/thomas-henry-bitter-lemon-02l\/","title":{"rendered":"Thomas Henry Bitter Lemon 0,2l"},"content":{"rendered":"","protected":false},"excerpt":{"rendered":"<p>Dzi\u0119ki Thomas Henry, ka\u017cdy drink staje si\u0119 podr\u00f3\u017c\u0105 do wyznaczaj\u0105cej trendy miejskiej kultury barowej! Od 2010 roku marka ta jest synonimem innowacyjnego i kreatywnego barma\u0144stwa w najlepszym wydaniu. Od swoich pocz\u0105tk\u00f3w w nowoczesnej metropolii Berlina, Thomas Henry rozszerzy\u0142 swoj\u0105 dzia\u0142alno\u015b\u0107 na ponad 50 kraj\u00f3w na ca\u0142ym \u015bwiecie, inspiruj\u0105c zar\u00f3wno barman\u00f3w, jak i entuzjast\u00f3w drink\u00f3w i szeroko poj\u0119tej miksologii.<\/p>\n<p>Thomas Henry Bitter Lemon to klasyk w\u015br\u00f3d gorzkich lemoniad, kt\u00f3ry dzi\u0119ki wyj\u0105tkowo orze\u017awiaj\u0105cemu profilowi smakowemu dodaje wielu koktajlom pikantnych dozna\u0144 smakowych. Jego profil smakowy charakteryzuje si\u0119 szczeg\u00f3lnie orze\u017awiaj\u0105c\u0105 kompozycj\u0105 dzi\u0119ki odpowiedniej r\u00f3wnowadze goryczki, kwasowo\u015bci i s\u0142odyczy. Ca\u0142o\u015b\u0107 dope\u0142niaj\u0105 delikatnie cierpkie i mocne aromaty cytrus\u00f3w i limonki.<\/p>\n<p>Najwa\u017cniejsze cechy produktu to: mniej s\u0142odki smak od innych lemoniad, du\u017co chininy dla przyjemnego smaku goryczki oraz idealnie \u0142\u0105czy si\u0119 z klarownymi alkoholami.<\/p>\n<p>Najlepiej \u0142\u0105czy si\u0119 z w\u00f3dk\u0105, ginem, sloe ginem, whiskey, likierem oraz Campari.<\/p>\n<p>Poznaj r\u00f3wnie\u017c inne wersje smakowe Thomas Henry:<span style=\"background-color: var(--bs-body-bg); color: var(--bs-body-color); font-family: var(--bs-body-font-family); font-size: var(--bs-body-font-size); font-weight: var(--bs-body-font-weight); text-align: var(--bs-body-text-align);\">\u00a0<\/span><\/p>\n<ul>\n<li>Thomas Henry Tonic Water<\/li>\n<li>Thomas Henry Dry Tonic<\/li>\n<li>Thomas Henry Cherry Blossom Tonic<\/li>\n<li>Thomas Henry Botanical Tonic<\/li>\n<li>Thomas Henry Ginger Ale<\/li>\n<li>Thomas Henry Mystic Mango<\/li>\n<li>Thomas Henry Pink Grapefruit<\/li>\n<li>Thomas Henry Spicy Ginger Beer<\/li>\n<\/ul>\n<hr \/>\n<p><strong>JAK ZAM\u00d3WI\u0106 PRODUKT?<\/strong><\/p>\n<p>Thomas Henry Bitter Lemon w sprzeda\u017cy detalicznej jest obecnie dost\u0119pny z opcj\u0105 wysy\u0142ki kurierem lub odbiorem osobistym w siedzibie firmy przy Al. Jerozolimskich 123A w Warszawie. Odbi\u00f3r osobisty mo\u017cliwy jest wy\u0142\u0105cznie po wcze\u015bniejszym z\u0142o\u017ceniu zam\u00f3wienia i ustaleniu terminu odbioru. W celu zam\u00f3wienia produkt\u00f3w (zam\u00f3wienia detaliczne oraz hurtowe), prosimy o kontakt mailowy aleksander.g@crimston.pl lub telefoniczny +48 512 569 456&#8230;.<\/p>\n<p class=\"more-wrap\"><a class=\"btn btn-secondary understrap-read-more-link\" href=\"https:\/\/crimston.pl\/en\/produkt\/thomas-henry-bitter-lemon-02l\/\">more<\/a><\/p>\n","protected":false},"featured_media":6441,"template":"","meta":{"_acf_changed":false,"_uag_custom_page_level_css":"","inline_featured_image":false},"product_cat":[320],"product_tag":[786,418,1194,1190,813,1201,1187,1200,1188,1191,1193,1192,1189],"class_list":{"0":"post-6464","1":"product","2":"type-product","3":"status-publish","4":"has-post-thumbnail","6":"product_cat-napoje","7":"product_tag-aperitif","8":"product_tag-aperitivo","9":"product_tag-dry-tonic","10":"product_tag-dystrybucja-napojow-bezalkoholowych","11":"product_tag-gin-tonic","12":"product_tag-lemoniada","13":"product_tag-thomas-henry","14":"product_tag-thomas-henry-bitter-lemon","15":"product_tag-thomas-henry-tonic","16":"product_tag-tonic","17":"product_tag-tonic-premium","18":"product_tag-tonic-water","19":"product_tag-tonik","20":"brand-thomas-henry","22":"first","23":"instock","24":"taxable","25":"shipping-taxable","26":"purchasable","27":"product-type-simple"},"acf":[],"yoast_head":"<!-- This site is optimized with the Yoast SEO plugin v23.9 - https:\/\/yoast.com\/wordpress\/plugins\/seo\/ -->\n<title>Thomas Henry Bitter Lemon 0,2l - Crimston Spirits | Dystrybutor napoj\u00f3w<\/title>\n<meta name=\"description\" content=\"Thomas Henry Bitter Lemon to klasyk w\u015br\u00f3d gorzkich lemoniada, a dzi\u0119ki wyj\u0105tkowo orze\u017awiaj\u0105cej recepturze dodaje koktajlom dozna\u0144 smakowych!\" \/>\n<meta name=\"robots\" content=\"index, follow, max-snippet:-1, max-image-preview:large, max-video-preview:-1\" \/>\n<link rel=\"canonical\" href=\"https:\/\/crimston.pl\/en\/produkt\/thomas-henry-bitter-lemon-02l\/\" \/>\n<meta property=\"og:locale\" content=\"en_US\" \/>\n<meta property=\"og:type\" content=\"article\" \/>\n<meta property=\"og:title\" content=\"Thomas Henry Bitter Lemon 0,2l - Crimston Spirits | Dystrybutor napoj\u00f3w\" \/>\n<meta property=\"og:description\" content=\"Thomas Henry Bitter Lemon to klasyk w\u015br\u00f3d gorzkich lemoniada, a dzi\u0119ki wyj\u0105tkowo orze\u017awiaj\u0105cej recepturze dodaje koktajlom dozna\u0144 smakowych!\" \/>\n<meta property=\"og:url\" content=\"https:\/\/crimston.pl\/en\/produkt\/thomas-henry-bitter-lemon-02l\/\" \/>\n<meta property=\"og:site_name\" content=\"Crimston Spirits\" \/>\n<meta property=\"article:modified_time\" content=\"2023-05-31T15:40:08+00:00\" \/>\n<meta property=\"og:image\" content=\"https:\/\/crimston.pl\/wp-content\/uploads\/2023\/02\/thomas-henry-bitter-lemon-tonic-02l.png\" \/>\n\t<meta property=\"og:image:width\" content=\"521\" \/>\n\t<meta property=\"og:image:height\" content=\"833\" \/>\n\t<meta property=\"og:image:type\" content=\"image\/png\" \/>\n<meta name=\"twitter:card\" content=\"summary_large_image\" \/>\n<script type=\"application\/ld+json\" class=\"yoast-schema-graph\">{\"@context\":\"https:\/\/schema.org\",\"@graph\":[{\"@type\":\"WebPage\",\"@id\":\"https:\/\/crimston.pl\/en\/produkt\/thomas-henry-bitter-lemon-02l\/\",\"url\":\"https:\/\/crimston.pl\/en\/produkt\/thomas-henry-bitter-lemon-02l\/\",\"name\":\"Thomas Henry Bitter Lemon 0,2l - Crimston Spirits | Dystrybutor napoj\u00f3w\",\"isPartOf\":{\"@id\":\"https:\/\/crimston.pl\/en\/#website\"},\"primaryImageOfPage\":{\"@id\":\"https:\/\/crimston.pl\/en\/produkt\/thomas-henry-bitter-lemon-02l\/#primaryimage\"},\"image\":{\"@id\":\"https:\/\/crimston.pl\/en\/produkt\/thomas-henry-bitter-lemon-02l\/#primaryimage\"},\"thumbnailUrl\":\"https:\/\/crimston.pl\/wp-content\/uploads\/2023\/02\/thomas-henry-bitter-lemon-tonic-02l.png\",\"datePublished\":\"2023-02-23T15:12:50+00:00\",\"dateModified\":\"2023-05-31T15:40:08+00:00\",\"description\":\"Thomas Henry Bitter Lemon to klasyk w\u015br\u00f3d gorzkich lemoniada, a dzi\u0119ki wyj\u0105tkowo orze\u017awiaj\u0105cej recepturze dodaje koktajlom dozna\u0144 smakowych!\",\"breadcrumb\":{\"@id\":\"https:\/\/crimston.pl\/en\/produkt\/thomas-henry-bitter-lemon-02l\/#breadcrumb\"},\"inLanguage\":\"en-US\",\"potentialAction\":[{\"@type\":\"ReadAction\",\"target\":[\"https:\/\/crimston.pl\/en\/produkt\/thomas-henry-bitter-lemon-02l\/\"]}]},{\"@type\":\"ImageObject\",\"inLanguage\":\"en-US\",\"@id\":\"https:\/\/crimston.pl\/en\/produkt\/thomas-henry-bitter-lemon-02l\/#primaryimage\",\"url\":\"https:\/\/crimston.pl\/wp-content\/uploads\/2023\/02\/thomas-henry-bitter-lemon-tonic-02l.png\",\"contentUrl\":\"https:\/\/crimston.pl\/wp-content\/uploads\/2023\/02\/thomas-henry-bitter-lemon-tonic-02l.png\",\"width\":521,\"height\":833,\"caption\":\"Thomas Henry Bitter Lemon Tonic\"},{\"@type\":\"BreadcrumbList\",\"@id\":\"https:\/\/crimston.pl\/en\/produkt\/thomas-henry-bitter-lemon-02l\/#breadcrumb\",\"itemListElement\":[{\"@type\":\"ListItem\",\"position\":1,\"name\":\"Home\",\"item\":\"https:\/\/crimston.pl\/en\/\"},{\"@type\":\"ListItem\",\"position\":2,\"name\":\"Spirits portfolio\",\"item\":\"https:\/\/crimston.pl\/en\/spirits-portfolio\/\"},{\"@type\":\"ListItem\",\"position\":3,\"name\":\"Thomas Henry Bitter Lemon 0,2l\"}]},{\"@type\":\"WebSite\",\"@id\":\"https:\/\/crimston.pl\/en\/#website\",\"url\":\"https:\/\/crimston.pl\/en\/\",\"name\":\"Crimston Spirits\",\"description\":\"\",\"publisher\":{\"@id\":\"https:\/\/crimston.pl\/en\/#organization\"},\"potentialAction\":[{\"@type\":\"SearchAction\",\"target\":{\"@type\":\"EntryPoint\",\"urlTemplate\":\"https:\/\/crimston.pl\/en\/?s={search_term_string}\"},\"query-input\":{\"@type\":\"PropertyValueSpecification\",\"valueRequired\":true,\"valueName\":\"search_term_string\"}}],\"inLanguage\":\"en-US\"},{\"@type\":\"Organization\",\"@id\":\"https:\/\/crimston.pl\/en\/#organization\",\"name\":\"Crimston Spirits\",\"url\":\"https:\/\/crimston.pl\/en\/\",\"logo\":{\"@type\":\"ImageObject\",\"inLanguage\":\"en-US\",\"@id\":\"https:\/\/crimston.pl\/en\/#\/schema\/logo\/image\/\",\"url\":\"https:\/\/crimston.pl\/wp-content\/uploads\/2019\/11\/crimston-logo-color.svg\",\"contentUrl\":\"https:\/\/crimston.pl\/wp-content\/uploads\/2019\/11\/crimston-logo-color.svg\",\"width\":415,\"height\":29,\"caption\":\"Crimston Spirits\"},\"image\":{\"@id\":\"https:\/\/crimston.pl\/en\/#\/schema\/logo\/image\/\"}}]}<\/script>\n<!-- \/ Yoast SEO plugin. -->","yoast_head_json":{"title":"Thomas Henry Bitter Lemon 0,2l - Crimston Spirits | Dystrybutor napoj\u00f3w","description":"Thomas Henry Bitter Lemon to klasyk w\u015br\u00f3d gorzkich lemoniada, a dzi\u0119ki wyj\u0105tkowo orze\u017awiaj\u0105cej recepturze dodaje koktajlom dozna\u0144 smakowych!","robots":{"index":"index","follow":"follow","max-snippet":"max-snippet:-1","max-image-preview":"max-image-preview:large","max-video-preview":"max-video-preview:-1"},"canonical":"https:\/\/crimston.pl\/en\/produkt\/thomas-henry-bitter-lemon-02l\/","og_locale":"en_US","og_type":"article","og_title":"Thomas Henry Bitter Lemon 0,2l - Crimston Spirits | Dystrybutor napoj\u00f3w","og_description":"Thomas Henry Bitter Lemon to klasyk w\u015br\u00f3d gorzkich lemoniada, a dzi\u0119ki wyj\u0105tkowo orze\u017awiaj\u0105cej recepturze dodaje koktajlom dozna\u0144 smakowych!","og_url":"https:\/\/crimston.pl\/en\/produkt\/thomas-henry-bitter-lemon-02l\/","og_site_name":"Crimston Spirits","article_modified_time":"2023-05-31T15:40:08+00:00","og_image":[{"width":521,"height":833,"url":"https:\/\/crimston.pl\/wp-content\/uploads\/2023\/02\/thomas-henry-bitter-lemon-tonic-02l.png","type":"image\/png"}],"twitter_card":"summary_large_image","schema":{"@context":"https:\/\/schema.org","@graph":[{"@type":"WebPage","@id":"https:\/\/crimston.pl\/en\/produkt\/thomas-henry-bitter-lemon-02l\/","url":"https:\/\/crimston.pl\/en\/produkt\/thomas-henry-bitter-lemon-02l\/","name":"Thomas Henry Bitter Lemon 0,2l - Crimston Spirits | Dystrybutor napoj\u00f3w","isPartOf":{"@id":"https:\/\/crimston.pl\/en\/#website"},"primaryImageOfPage":{"@id":"https:\/\/crimston.pl\/en\/produkt\/thomas-henry-bitter-lemon-02l\/#primaryimage"},"image":{"@id":"https:\/\/crimston.pl\/en\/produkt\/thomas-henry-bitter-lemon-02l\/#primaryimage"},"thumbnailUrl":"https:\/\/crimston.pl\/wp-content\/uploads\/2023\/02\/thomas-henry-bitter-lemon-tonic-02l.png","datePublished":"2023-02-23T15:12:50+00:00","dateModified":"2023-05-31T15:40:08+00:00","description":"Thomas Henry Bitter Lemon to klasyk w\u015br\u00f3d gorzkich lemoniada, a dzi\u0119ki wyj\u0105tkowo orze\u017awiaj\u0105cej recepturze dodaje koktajlom dozna\u0144 smakowych!","breadcrumb":{"@id":"https:\/\/crimston.pl\/en\/produkt\/thomas-henry-bitter-lemon-02l\/#breadcrumb"},"inLanguage":"en-US","potentialAction":[{"@type":"ReadAction","target":["https:\/\/crimston.pl\/en\/produkt\/thomas-henry-bitter-lemon-02l\/"]}]},{"@type":"ImageObject","inLanguage":"en-US","@id":"https:\/\/crimston.pl\/en\/produkt\/thomas-henry-bitter-lemon-02l\/#primaryimage","url":"https:\/\/crimston.pl\/wp-content\/uploads\/2023\/02\/thomas-henry-bitter-lemon-tonic-02l.png","contentUrl":"https:\/\/crimston.pl\/wp-content\/uploads\/2023\/02\/thomas-henry-bitter-lemon-tonic-02l.png","width":521,"height":833,"caption":"Thomas Henry Bitter Lemon Tonic"},{"@type":"BreadcrumbList","@id":"https:\/\/crimston.pl\/en\/produkt\/thomas-henry-bitter-lemon-02l\/#breadcrumb","itemListElement":[{"@type":"ListItem","position":1,"name":"Home","item":"https:\/\/crimston.pl\/en\/"},{"@type":"ListItem","position":2,"name":"Spirits portfolio","item":"https:\/\/crimston.pl\/en\/spirits-portfolio\/"},{"@type":"ListItem","position":3,"name":"Thomas Henry Bitter Lemon 0,2l"}]},{"@type":"WebSite","@id":"https:\/\/crimston.pl\/en\/#website","url":"https:\/\/crimston.pl\/en\/","name":"Crimston Spirits","description":"","publisher":{"@id":"https:\/\/crimston.pl\/en\/#organization"},"potentialAction":[{"@type":"SearchAction","target":{"@type":"EntryPoint","urlTemplate":"https:\/\/crimston.pl\/en\/?s={search_term_string}"},"query-input":{"@type":"PropertyValueSpecification","valueRequired":true,"valueName":"search_term_string"}}],"inLanguage":"en-US"},{"@type":"Organization","@id":"https:\/\/crimston.pl\/en\/#organization","name":"Crimston Spirits","url":"https:\/\/crimston.pl\/en\/","logo":{"@type":"ImageObject","inLanguage":"en-US","@id":"https:\/\/crimston.pl\/en\/#\/schema\/logo\/image\/","url":"https:\/\/crimston.pl\/wp-content\/uploads\/2019\/11\/crimston-logo-color.svg","contentUrl":"https:\/\/crimston.pl\/wp-content\/uploads\/2019\/11\/crimston-logo-color.svg","width":415,"height":29,"caption":"Crimston Spirits"},"image":{"@id":"https:\/\/crimston.pl\/en\/#\/schema\/logo\/image\/"}}]}},"uagb_featured_image_src":{"full":["https:\/\/crimston.pl\/wp-content\/uploads\/2023\/02\/thomas-henry-bitter-lemon-tonic-02l.png",521,833,false],"thumbnail":["https:\/\/crimston.pl\/wp-content\/uploads\/2023\/02\/thomas-henry-bitter-lemon-tonic-02l-150x150.png",150,150,true],"medium":["https:\/\/crimston.pl\/wp-content\/uploads\/2023\/02\/thomas-henry-bitter-lemon-tonic-02l-188x300.png",188,300,true],"medium_large":["https:\/\/crimston.pl\/wp-content\/uploads\/2023\/02\/thomas-henry-bitter-lemon-tonic-02l.png",521,833,false],"large":["https:\/\/crimston.pl\/wp-content\/uploads\/2023\/02\/thomas-henry-bitter-lemon-tonic-02l.png",521,833,false],"1536x1536":["https:\/\/crimston.pl\/wp-content\/uploads\/2023\/02\/thomas-henry-bitter-lemon-tonic-02l.png",521,833,false],"2048x2048":["https:\/\/crimston.pl\/wp-content\/uploads\/2023\/02\/thomas-henry-bitter-lemon-tonic-02l.png",521,833,false],"woocommerce_thumbnail":["https:\/\/crimston.pl\/wp-content\/uploads\/2023\/02\/thomas-henry-bitter-lemon-tonic-02l-300x480.png",300,480,true],"woocommerce_single":["https:\/\/crimston.pl\/wp-content\/uploads\/2023\/02\/thomas-henry-bitter-lemon-tonic-02l.png",521,833,false],"woocommerce_gallery_thumbnail":["https:\/\/crimston.pl\/wp-content\/uploads\/2023\/02\/thomas-henry-bitter-lemon-tonic-02l-150x240.png",150,240,true]},"uagb_author_info":{"display_name":"Magda","author_link":"https:\/\/crimston.pl\/en\/author\/"},"uagb_comment_info":0,"uagb_excerpt":"Dzi\u0119ki Thomas Henry, ka\u017cdy drink staje si\u0119 podr\u00f3\u017c\u0105 do wyznaczaj\u0105cej trendy miejskiej kultury barowej! Od 2010 roku marka ta jest synonimem innowacyjnego i kreatywnego barma\u0144stwa w najlepszym wydaniu. Od swoich pocz\u0105tk\u00f3w w nowoczesnej metropolii Berlina, Thomas Henry rozszerzy\u0142 swoj\u0105 dzia\u0142alno\u015b\u0107 na ponad 50 kraj\u00f3w na ca\u0142ym \u015bwiecie, inspiruj\u0105c zar\u00f3wno barman\u00f3w, jak i entuzjast\u00f3w drink\u00f3w i&hellip;","_links":{"self":[{"href":"https:\/\/crimston.pl\/en\/wp-json\/wp\/v2\/product\/6464","targetHints":{"allow":["GET"]}}],"collection":[{"href":"https:\/\/crimston.pl\/en\/wp-json\/wp\/v2\/product"}],"about":[{"href":"https:\/\/crimston.pl\/en\/wp-json\/wp\/v2\/types\/product"}],"wp:featuredmedia":[{"embeddable":true,"href":"https:\/\/crimston.pl\/en\/wp-json\/wp\/v2\/media\/6441"}],"wp:attachment":[{"href":"https:\/\/crimston.pl\/en\/wp-json\/wp\/v2\/media?parent=6464"}],"wp:term":[{"taxonomy":"product_cat","embeddable":true,"href":"https:\/\/crimston.pl\/en\/wp-json\/wp\/v2\/product_cat?post=6464"},{"taxonomy":"product_tag","embeddable":true,"href":"https:\/\/crimston.pl\/en\/wp-json\/wp\/v2\/product_tag?post=6464"}],"curies":[{"name":"wp","href":"https:\/\/api.w.org\/{rel}","templated":true}]}}