{"id":1061,"date":"2020-01-23T13:41:14","date_gmt":"2020-01-23T12:41:14","guid":{"rendered":"https:\/\/crimston.s1awek.pro-linuxpl.com\/?post_type=product&#038;p=1061"},"modified":"2022-10-27T16:57:37","modified_gmt":"2022-10-27T14:57:37","slug":"perrier-jouet-blason-rose-champagne-125-075l","status":"publish","type":"product","link":"https:\/\/crimston.pl\/en\/product\/perrier-jouet-blason-rose-champagne-125-075l\/","title":{"rendered":"Perrier-Jou\u00ebt Blason Ros\u00e9 Champagne 12,5% 0,75l"},"content":{"rendered":"","protected":false},"excerpt":{"rendered":"<p><img decoding=\"async\" class=\"alignnone wp-image-2124\" src=\"https:\/\/crimston.pl\/wp-content\/uploads\/2020\/02\/Perrier-Jouet-2-300x99.png\" alt=\"Perrier-Jouet\" width=\"365\" height=\"120\" srcset=\"https:\/\/crimston.pl\/wp-content\/uploads\/2020\/02\/Perrier-Jouet-2-300x99.png 300w, https:\/\/crimston.pl\/wp-content\/uploads\/2020\/02\/Perrier-Jouet-2-150x49.png 150w, https:\/\/crimston.pl\/wp-content\/uploads\/2020\/02\/Perrier-Jouet-2-600x197.png 600w, https:\/\/crimston.pl\/wp-content\/uploads\/2020\/02\/Perrier-Jouet-2-64x21.png 64w, https:\/\/crimston.pl\/wp-content\/uploads\/2020\/02\/Perrier-Jouet-2-1024x336.png 1024w, https:\/\/crimston.pl\/wp-content\/uploads\/2020\/02\/Perrier-Jouet-2-768x252.png 768w, https:\/\/crimston.pl\/wp-content\/uploads\/2020\/02\/Perrier-Jouet-2-1536x504.png 1536w, https:\/\/crimston.pl\/wp-content\/uploads\/2020\/02\/Perrier-Jouet-2-2048x673.png 2048w\" sizes=\"(max-width: 365px) 100vw, 365px\" \/><\/p>\n<p>&nbsp;<\/p>\n<p>Blason Ros\u00e9 is the first pink champagne created by Perrier-Jou\u00ebt. It is a sophisticated composition of 50 pinot noir, pinot meunier and chardonnay wines. The subtle pink color is the result of adding a small amount of red wine made from pinot noir grapes.<\/p>\n<p>Aroma: the aroma of pomegranate and red oranges, beautifully complemented with floral notes<\/p>\n<p>Taste: rich and complex<\/p>\n<p>Finish: long and intense<\/p>\n<p>Grapesy: 50% pinot noir, 25% pinot meunier, 25% chardonnay<\/p>\n<p>Serving: perfect for aperitif, starter, main course and desserts; tastes best at a temperature of around 10-12 \u00b0C; goes well with salmon, duck or lamb breast and desserts<\/p>\n<hr \/>\n<p>For the retail sales, Perrier-Jou\u00ebt Blason Ros\u00e9 Champagne currently is available with personal pick-up option at the headquarters of the company at Al. Jerozolimskie 123A in Warsaw or courier delivery. To order products directly from us (retail and wholesale orders), please contact us by e-mail: <i>aleksander.g@crimston.pl<\/i>&#8230;<\/p>\n<p class=\"more-wrap\"><a class=\"btn btn-secondary understrap-read-more-link\" href=\"https:\/\/crimston.pl\/en\/product\/perrier-jouet-blason-rose-champagne-125-075l\/\">more<\/a><\/p>\n","protected":false},"featured_media":1043,"template":"","meta":{"_acf_changed":false,"_uag_custom_page_level_css":"","inline_featured_image":false},"product_cat":[80],"product_tag":[580,776,774,773,775,781,780],"class_list":{"0":"post-1061","1":"product","2":"type-product","3":"status-publish","4":"has-post-thumbnail","6":"product_cat-champagne","7":"product_tag-alcohol-gift","8":"product_tag-alcohol-premium","9":"product_tag-champagne","10":"product_tag-french-champagne","11":"product_tag-liquor-store","12":"product_tag-perrier-jouet-blason-rose-en","13":"product_tag-perrier-jouet-blason-rose-champagne","14":"brand-perrier-jouet","16":"first","17":"instock","18":"taxable","19":"shipping-taxable","20":"purchasable","21":"product-type-simple"},"acf":[],"yoast_head":"<!-- This site is optimized with the Yoast SEO plugin v23.9 - https:\/\/yoast.com\/wordpress\/plugins\/seo\/ -->\n<title>Perrier-Jou\u00ebt Blason Ros\u00e9 Champagne 12,5% 0,75l - Crimston Spirits<\/title>\n<meta name=\"description\" content=\"Blason Ros\u00e9 is the first pink champagne created by Perrier-Jou\u00ebt. It is a composition pinot noir, pinot meunier and chardonnay wines.\" \/>\n<meta name=\"robots\" content=\"index, follow, max-snippet:-1, max-image-preview:large, max-video-preview:-1\" \/>\n<link rel=\"canonical\" href=\"https:\/\/crimston.pl\/en\/product\/perrier-jouet-blason-rose-champagne-125-075l\/\" \/>\n<meta property=\"og:locale\" content=\"en_US\" \/>\n<meta property=\"og:type\" content=\"article\" \/>\n<meta property=\"og:title\" content=\"Perrier-Jou\u00ebt Blason Ros\u00e9 Champagne 12,5% 0,75l - Crimston Spirits\" \/>\n<meta property=\"og:description\" content=\"Blason Ros\u00e9 is the first pink champagne created by Perrier-Jou\u00ebt. It is a composition pinot noir, pinot meunier and chardonnay wines.\" \/>\n<meta property=\"og:url\" content=\"https:\/\/crimston.pl\/en\/product\/perrier-jouet-blason-rose-champagne-125-075l\/\" \/>\n<meta property=\"og:site_name\" content=\"Crimston Spirits\" \/>\n<meta property=\"article:modified_time\" content=\"2022-10-27T14:57:37+00:00\" \/>\n<meta property=\"og:image\" content=\"https:\/\/crimston.pl\/wp-content\/uploads\/2020\/01\/Perrier-Jou\u00ebt-Blason-Ros\u00e9-075l.jpg\" \/>\n\t<meta property=\"og:image:width\" content=\"1000\" \/>\n\t<meta property=\"og:image:height\" content=\"1000\" \/>\n\t<meta property=\"og:image:type\" content=\"image\/jpeg\" \/>\n<meta name=\"twitter:card\" content=\"summary_large_image\" \/>\n<script type=\"application\/ld+json\" class=\"yoast-schema-graph\">{\"@context\":\"https:\/\/schema.org\",\"@graph\":[{\"@type\":\"WebPage\",\"@id\":\"https:\/\/crimston.pl\/en\/product\/perrier-jouet-blason-rose-champagne-125-075l\/\",\"url\":\"https:\/\/crimston.pl\/en\/product\/perrier-jouet-blason-rose-champagne-125-075l\/\",\"name\":\"Perrier-Jou\u00ebt Blason Ros\u00e9 Champagne 12,5% 0,75l - Crimston Spirits\",\"isPartOf\":{\"@id\":\"https:\/\/crimston.pl\/en\/#website\"},\"primaryImageOfPage\":{\"@id\":\"https:\/\/crimston.pl\/en\/product\/perrier-jouet-blason-rose-champagne-125-075l\/#primaryimage\"},\"image\":{\"@id\":\"https:\/\/crimston.pl\/en\/product\/perrier-jouet-blason-rose-champagne-125-075l\/#primaryimage\"},\"thumbnailUrl\":\"https:\/\/crimston.pl\/wp-content\/uploads\/2020\/01\/Perrier-Jou\u00ebt-Blason-Ros\u00e9-075l.jpg\",\"datePublished\":\"2020-01-23T12:41:14+00:00\",\"dateModified\":\"2022-10-27T14:57:37+00:00\",\"description\":\"Blason Ros\u00e9 is the first pink champagne created by Perrier-Jou\u00ebt. It is a composition pinot noir, pinot meunier and chardonnay wines.\",\"breadcrumb\":{\"@id\":\"https:\/\/crimston.pl\/en\/product\/perrier-jouet-blason-rose-champagne-125-075l\/#breadcrumb\"},\"inLanguage\":\"en-US\",\"potentialAction\":[{\"@type\":\"ReadAction\",\"target\":[\"https:\/\/crimston.pl\/en\/product\/perrier-jouet-blason-rose-champagne-125-075l\/\"]}]},{\"@type\":\"ImageObject\",\"inLanguage\":\"en-US\",\"@id\":\"https:\/\/crimston.pl\/en\/product\/perrier-jouet-blason-rose-champagne-125-075l\/#primaryimage\",\"url\":\"https:\/\/crimston.pl\/wp-content\/uploads\/2020\/01\/Perrier-Jou\u00ebt-Blason-Ros\u00e9-075l.jpg\",\"contentUrl\":\"https:\/\/crimston.pl\/wp-content\/uploads\/2020\/01\/Perrier-Jou\u00ebt-Blason-Ros\u00e9-075l.jpg\",\"width\":1000,\"height\":1000,\"caption\":\"Perrier-Jou\u00ebt Blason Ros\u00e9 Champagne\"},{\"@type\":\"BreadcrumbList\",\"@id\":\"https:\/\/crimston.pl\/en\/product\/perrier-jouet-blason-rose-champagne-125-075l\/#breadcrumb\",\"itemListElement\":[{\"@type\":\"ListItem\",\"position\":1,\"name\":\"Home\",\"item\":\"https:\/\/crimston.pl\/en\/\"},{\"@type\":\"ListItem\",\"position\":2,\"name\":\"Spirits portfolio\",\"item\":\"https:\/\/crimston.pl\/en\/spirits-portfolio\/\"},{\"@type\":\"ListItem\",\"position\":3,\"name\":\"Perrier-Jou\u00ebt Blason Ros\u00e9 Champagne 12,5% 0,75l\"}]},{\"@type\":\"WebSite\",\"@id\":\"https:\/\/crimston.pl\/en\/#website\",\"url\":\"https:\/\/crimston.pl\/en\/\",\"name\":\"Crimston Spirits\",\"description\":\"\",\"publisher\":{\"@id\":\"https:\/\/crimston.pl\/en\/#organization\"},\"potentialAction\":[{\"@type\":\"SearchAction\",\"target\":{\"@type\":\"EntryPoint\",\"urlTemplate\":\"https:\/\/crimston.pl\/en\/?s={search_term_string}\"},\"query-input\":{\"@type\":\"PropertyValueSpecification\",\"valueRequired\":true,\"valueName\":\"search_term_string\"}}],\"inLanguage\":\"en-US\"},{\"@type\":\"Organization\",\"@id\":\"https:\/\/crimston.pl\/en\/#organization\",\"name\":\"Crimston Spirits\",\"url\":\"https:\/\/crimston.pl\/en\/\",\"logo\":{\"@type\":\"ImageObject\",\"inLanguage\":\"en-US\",\"@id\":\"https:\/\/crimston.pl\/en\/#\/schema\/logo\/image\/\",\"url\":\"https:\/\/crimston.pl\/wp-content\/uploads\/2019\/11\/crimston-logo-color.svg\",\"contentUrl\":\"https:\/\/crimston.pl\/wp-content\/uploads\/2019\/11\/crimston-logo-color.svg\",\"width\":415,\"height\":29,\"caption\":\"Crimston Spirits\"},\"image\":{\"@id\":\"https:\/\/crimston.pl\/en\/#\/schema\/logo\/image\/\"}}]}<\/script>\n<!-- \/ Yoast SEO plugin. -->","yoast_head_json":{"title":"Perrier-Jou\u00ebt Blason Ros\u00e9 Champagne 12,5% 0,75l - Crimston Spirits","description":"Blason Ros\u00e9 is the first pink champagne created by Perrier-Jou\u00ebt. It is a composition pinot noir, pinot meunier and chardonnay wines.","robots":{"index":"index","follow":"follow","max-snippet":"max-snippet:-1","max-image-preview":"max-image-preview:large","max-video-preview":"max-video-preview:-1"},"canonical":"https:\/\/crimston.pl\/en\/product\/perrier-jouet-blason-rose-champagne-125-075l\/","og_locale":"en_US","og_type":"article","og_title":"Perrier-Jou\u00ebt Blason Ros\u00e9 Champagne 12,5% 0,75l - Crimston Spirits","og_description":"Blason Ros\u00e9 is the first pink champagne created by Perrier-Jou\u00ebt. It is a composition pinot noir, pinot meunier and chardonnay wines.","og_url":"https:\/\/crimston.pl\/en\/product\/perrier-jouet-blason-rose-champagne-125-075l\/","og_site_name":"Crimston Spirits","article_modified_time":"2022-10-27T14:57:37+00:00","og_image":[{"width":1000,"height":1000,"url":"https:\/\/crimston.pl\/wp-content\/uploads\/2020\/01\/Perrier-Jou\u00ebt-Blason-Ros\u00e9-075l.jpg","type":"image\/jpeg"}],"twitter_card":"summary_large_image","schema":{"@context":"https:\/\/schema.org","@graph":[{"@type":"WebPage","@id":"https:\/\/crimston.pl\/en\/product\/perrier-jouet-blason-rose-champagne-125-075l\/","url":"https:\/\/crimston.pl\/en\/product\/perrier-jouet-blason-rose-champagne-125-075l\/","name":"Perrier-Jou\u00ebt Blason Ros\u00e9 Champagne 12,5% 0,75l - Crimston Spirits","isPartOf":{"@id":"https:\/\/crimston.pl\/en\/#website"},"primaryImageOfPage":{"@id":"https:\/\/crimston.pl\/en\/product\/perrier-jouet-blason-rose-champagne-125-075l\/#primaryimage"},"image":{"@id":"https:\/\/crimston.pl\/en\/product\/perrier-jouet-blason-rose-champagne-125-075l\/#primaryimage"},"thumbnailUrl":"https:\/\/crimston.pl\/wp-content\/uploads\/2020\/01\/Perrier-Jou\u00ebt-Blason-Ros\u00e9-075l.jpg","datePublished":"2020-01-23T12:41:14+00:00","dateModified":"2022-10-27T14:57:37+00:00","description":"Blason Ros\u00e9 is the first pink champagne created by Perrier-Jou\u00ebt. It is a composition pinot noir, pinot meunier and chardonnay wines.","breadcrumb":{"@id":"https:\/\/crimston.pl\/en\/product\/perrier-jouet-blason-rose-champagne-125-075l\/#breadcrumb"},"inLanguage":"en-US","potentialAction":[{"@type":"ReadAction","target":["https:\/\/crimston.pl\/en\/product\/perrier-jouet-blason-rose-champagne-125-075l\/"]}]},{"@type":"ImageObject","inLanguage":"en-US","@id":"https:\/\/crimston.pl\/en\/product\/perrier-jouet-blason-rose-champagne-125-075l\/#primaryimage","url":"https:\/\/crimston.pl\/wp-content\/uploads\/2020\/01\/Perrier-Jou\u00ebt-Blason-Ros\u00e9-075l.jpg","contentUrl":"https:\/\/crimston.pl\/wp-content\/uploads\/2020\/01\/Perrier-Jou\u00ebt-Blason-Ros\u00e9-075l.jpg","width":1000,"height":1000,"caption":"Perrier-Jou\u00ebt Blason Ros\u00e9 Champagne"},{"@type":"BreadcrumbList","@id":"https:\/\/crimston.pl\/en\/product\/perrier-jouet-blason-rose-champagne-125-075l\/#breadcrumb","itemListElement":[{"@type":"ListItem","position":1,"name":"Home","item":"https:\/\/crimston.pl\/en\/"},{"@type":"ListItem","position":2,"name":"Spirits portfolio","item":"https:\/\/crimston.pl\/en\/spirits-portfolio\/"},{"@type":"ListItem","position":3,"name":"Perrier-Jou\u00ebt Blason Ros\u00e9 Champagne 12,5% 0,75l"}]},{"@type":"WebSite","@id":"https:\/\/crimston.pl\/en\/#website","url":"https:\/\/crimston.pl\/en\/","name":"Crimston Spirits","description":"","publisher":{"@id":"https:\/\/crimston.pl\/en\/#organization"},"potentialAction":[{"@type":"SearchAction","target":{"@type":"EntryPoint","urlTemplate":"https:\/\/crimston.pl\/en\/?s={search_term_string}"},"query-input":{"@type":"PropertyValueSpecification","valueRequired":true,"valueName":"search_term_string"}}],"inLanguage":"en-US"},{"@type":"Organization","@id":"https:\/\/crimston.pl\/en\/#organization","name":"Crimston Spirits","url":"https:\/\/crimston.pl\/en\/","logo":{"@type":"ImageObject","inLanguage":"en-US","@id":"https:\/\/crimston.pl\/en\/#\/schema\/logo\/image\/","url":"https:\/\/crimston.pl\/wp-content\/uploads\/2019\/11\/crimston-logo-color.svg","contentUrl":"https:\/\/crimston.pl\/wp-content\/uploads\/2019\/11\/crimston-logo-color.svg","width":415,"height":29,"caption":"Crimston Spirits"},"image":{"@id":"https:\/\/crimston.pl\/en\/#\/schema\/logo\/image\/"}}]}},"uagb_featured_image_src":{"full":["https:\/\/crimston.pl\/wp-content\/uploads\/2020\/01\/Perrier-Jou\u00ebt-Blason-Ros\u00e9-075l.jpg",1000,1000,false],"thumbnail":["https:\/\/crimston.pl\/wp-content\/uploads\/2020\/01\/Perrier-Jou\u00ebt-Blason-Ros\u00e9-075l-150x150.jpg",150,150,true],"medium":["https:\/\/crimston.pl\/wp-content\/uploads\/2020\/01\/Perrier-Jou\u00ebt-Blason-Ros\u00e9-075l-300x300.jpg",300,300,true],"medium_large":["https:\/\/crimston.pl\/wp-content\/uploads\/2020\/01\/Perrier-Jou\u00ebt-Blason-Ros\u00e9-075l-768x768.jpg",640,640,true],"large":["https:\/\/crimston.pl\/wp-content\/uploads\/2020\/01\/Perrier-Jou\u00ebt-Blason-Ros\u00e9-075l.jpg",640,640,false],"1536x1536":["https:\/\/crimston.pl\/wp-content\/uploads\/2020\/01\/Perrier-Jou\u00ebt-Blason-Ros\u00e9-075l.jpg",1000,1000,false],"2048x2048":["https:\/\/crimston.pl\/wp-content\/uploads\/2020\/01\/Perrier-Jou\u00ebt-Blason-Ros\u00e9-075l.jpg",1000,1000,false],"woocommerce_thumbnail":["https:\/\/crimston.pl\/wp-content\/uploads\/2020\/01\/Perrier-Jou\u00ebt-Blason-Ros\u00e9-075l-300x300.jpg",300,300,true],"woocommerce_single":["https:\/\/crimston.pl\/wp-content\/uploads\/2020\/01\/Perrier-Jou\u00ebt-Blason-Ros\u00e9-075l-600x600.jpg",600,600,true],"woocommerce_gallery_thumbnail":["https:\/\/crimston.pl\/wp-content\/uploads\/2020\/01\/Perrier-Jou\u00ebt-Blason-Ros\u00e9-075l-150x150.jpg",150,150,true]},"uagb_author_info":{"display_name":"Magda","author_link":"https:\/\/crimston.pl\/en\/author\/"},"uagb_comment_info":0,"uagb_excerpt":"&nbsp; Blason Ros\u00e9 is the first pink champagne created by Perrier-Jou\u00ebt. It is a sophisticated composition of 50 pinot noir, pinot meunier and chardonnay wines. The subtle pink color is the result of adding a small amount of red wine made from pinot noir grapes. Aroma: the aroma of pomegranate and red oranges, beautifully complemented&hellip;","_links":{"self":[{"href":"https:\/\/crimston.pl\/en\/wp-json\/wp\/v2\/product\/1061","targetHints":{"allow":["GET"]}}],"collection":[{"href":"https:\/\/crimston.pl\/en\/wp-json\/wp\/v2\/product"}],"about":[{"href":"https:\/\/crimston.pl\/en\/wp-json\/wp\/v2\/types\/product"}],"wp:featuredmedia":[{"embeddable":true,"href":"https:\/\/crimston.pl\/en\/wp-json\/wp\/v2\/media\/1043"}],"wp:attachment":[{"href":"https:\/\/crimston.pl\/en\/wp-json\/wp\/v2\/media?parent=1061"}],"wp:term":[{"taxonomy":"product_cat","embeddable":true,"href":"https:\/\/crimston.pl\/en\/wp-json\/wp\/v2\/product_cat?post=1061"},{"taxonomy":"product_tag","embeddable":true,"href":"https:\/\/crimston.pl\/en\/wp-json\/wp\/v2\/product_tag?post=1061"}],"curies":[{"name":"wp","href":"https:\/\/api.w.org\/{rel}","templated":true}]}}